{"id":1088,"date":"2019-05-02T11:04:59","date_gmt":"2019-05-02T11:04:59","guid":{"rendered":"https:\/\/adamstownfilm.com\/?page_id=1088"},"modified":"2019-11-19T16:40:01","modified_gmt":"2019-11-19T16:40:01","slug":"projekttraeger","status":"publish","type":"page","link":"https:\/\/adamstownfilm.com\/en\/projekttraeger\/","title":{"rendered":"Elementor #1088"},"content":{"rendered":"<h2 class=\"wp-block-heading\">Projekttr\u00e4ger und Kooperationspartner<\/h2>\n\n\n\n<div class=\"wp-block-columns alignwide has-3-columns is-layout-flex wp-container-core-columns-layout-1 wp-block-columns-is-layout-flex\">\n<div class=\"wp-block-column is-layout-flow wp-block-column-is-layout-flow\">\n<div class=\"wp-block-image\"><figure class=\"aligncenter\"><a href=\"http:\/\/hueller-medienwerkstatt.de\/\" target=\"_blank\" rel=\"noreferrer noopener\"><img decoding=\"async\" width=\"300\" height=\"150\" src=\"https:\/\/adamstownfilm.com\/wp-content\/uploads\/2018\/03\/HMW-300x150.jpg\" alt=\"H\u00fcller Medienwerkstatt e.V.\" class=\"wp-image-47\"\/><\/a><\/figure><\/div>\n<\/div>\n\n\n\n<div class=\"wp-block-column is-layout-flow wp-block-column-is-layout-flow\">\n<div class=\"wp-block-image\"><figure class=\"aligncenter is-resized\"><a href=\"https:\/\/abc-huell.de\/\" target=\"_blank\" rel=\"noreferrer noopener\"><img decoding=\"async\" src=\"https:\/\/adamstownfilm.com\/wp-content\/uploads\/2018\/03\/ABC.png\" alt=\"ABC Bildungs- und Tagungszentrum e.V.\" class=\"wp-image-44\" width=\"300\"\/><\/a><\/figure><\/div>\n<\/div>\n\n\n\n<div class=\"wp-block-column is-layout-flow wp-block-column-is-layout-flow\">\n<div class=\"wp-block-image\"><figure class=\"aligncenter\"><a href=\"http:\/\/directorscut.ch\/\" target=\"_blank\" rel=\"noreferrer noopener\"><img fetchpriority=\"high\" decoding=\"async\" width=\"300\" height=\"169\" src=\"https:\/\/adamstownfilm.com\/wp-content\/uploads\/2018\/03\/Directorsut.jpg\" alt=\"Filmproduktion Patrick Merz\" class=\"wp-image-46\"\/><\/a><\/figure><\/div>\n<\/div>\n<\/div>\n\n\n\n<div class=\"wp-block-columns alignwide has-3-columns is-layout-flex wp-container-core-columns-layout-2 wp-block-columns-is-layout-flex\">\n<div class=\"wp-block-column is-layout-flow wp-block-column-is-layout-flow\">\n<div class=\"wp-block-image\"><figure class=\"aligncenter is-resized\"><a href=\"http:\/\/kwetu.rw\/\" target=\"_blank\" rel=\"noreferrer noopener\"><img decoding=\"async\" src=\"https:\/\/adamstownfilm.com\/wp-content\/uploads\/2018\/03\/KWETU_Film_Institute_Logo_final_400x400-e1521198692484.jpg\" alt=\"\" class=\"wp-image-195\" width=\"150\" height=\"150\"\/><\/a><\/figure><\/div>\n<\/div>\n\n\n\n<div class=\"wp-block-column is-layout-flow wp-block-column-is-layout-flow\">\n<div class=\"wp-block-image\"><figure class=\"aligncenter\"><a href=\"https:\/\/www.leben-arbeiten.de\/\" target=\"_blank\" rel=\"noreferrer noopener\"><img loading=\"lazy\" decoding=\"async\" width=\"205\" height=\"85\" src=\"https:\/\/adamstownfilm.com\/wp-content\/uploads\/2018\/12\/logo_lua_web.png\" alt=\"\" class=\"wp-image-835\"\/><\/a><\/figure><\/div>\n<\/div>\n\n\n\n<div class=\"wp-block-column is-layout-flow wp-block-column-is-layout-flow\">\n<div class=\"wp-block-image\"><figure class=\"aligncenter is-resized\"><a href=\"https:\/\/www.abed-burkina.com\" target=\"_blank\" rel=\"noreferrer noopener\"><img loading=\"lazy\" decoding=\"async\" src=\"https:\/\/adamstownfilm.com\/wp-content\/uploads\/2018\/04\/logo_abed_6_neu.jpg\" alt=\"\" class=\"wp-image-545\" width=\"304\" height=\"64\" srcset=\"https:\/\/adamstownfilm.com\/wp-content\/uploads\/2018\/04\/logo_abed_6_neu.jpg 607w, https:\/\/adamstownfilm.com\/wp-content\/uploads\/2018\/04\/logo_abed_6_neu-300x63.jpg 300w\" sizes=\"(max-width: 304px) 100vw, 304px\" \/><\/a><\/figure><\/div>\n<\/div>\n<\/div>\n\n\n\n<hr class=\"wp-block-separator\"\/>\n\n\n\n<div class=\"wp-block-image\"><figure class=\"aligncenter is-resized\"><img loading=\"lazy\" decoding=\"async\" src=\"https:\/\/adamstownfilm.com\/wp-content\/uploads\/2018\/03\/Adamstown-Cover-690x1024.jpg\" alt=\"\" class=\"wp-image-340\" width=\"173\" height=\"256\" srcset=\"https:\/\/adamstownfilm.com\/wp-content\/uploads\/2018\/03\/Adamstown-Cover-690x1024.jpg 690w, https:\/\/adamstownfilm.com\/wp-content\/uploads\/2018\/03\/Adamstown-Cover-202x300.jpg 202w, https:\/\/adamstownfilm.com\/wp-content\/uploads\/2018\/03\/Adamstown-Cover-768x1140.jpg 768w, https:\/\/adamstownfilm.com\/wp-content\/uploads\/2018\/03\/Adamstown-Cover.jpg 800w\" sizes=\"(max-width: 173px) 100vw, 173px\" \/><figcaption>Der Comic, der als Vorlage f\u00fcr das Drehbuch diente, hat die <a href=\"http:\/\/www.verenabraun.de\">Hamburger K\u00fcnstlerin Verena Braun<\/a> getextet, gezeichnet und umgesetzt. <\/figcaption><\/figure><\/div>\n\n\n\n<p class=\"has-text-align-left\">The film Adamstown is the result of the work of several parallel and successive projects of the ABC Bildungs- und Tagungszentrum e.V. and the H\u00fcller Medienwerkstatt e.V. in cooperation with DirectorsCut - Filmproduktion Patrick Merz and the Kwetu Film Institute, in cooperation with Stiftung Leben und Arbeiten and abed e.V. These projects were made possible by grants and\/or non-monetary support from these institutions and organisations.  <\/p>\n\n\n\n<hr class=\"wp-block-separator\"\/>\n\n\n\n<h2 class=\"wp-block-heading\">(Teil-) Projekte gef\u00f6rdert von<\/h2>\n\n\n\n<div class=\"wp-block-columns alignwide has-4-columns is-layout-flex wp-container-core-columns-layout-3 wp-block-columns-is-layout-flex\">\n<div class=\"wp-block-column is-layout-flow wp-block-column-is-layout-flow\">\n<div class=\"wp-block-image\"><figure class=\"aligncenter is-resized\"><img decoding=\"async\" src=\"https:\/\/adamstownfilm.com\/wp-content\/uploads\/2018\/05\/adblogo.png\" alt=\"\" class=\"wp-image-657\" height=\"10\"\/><\/figure><\/div>\n<\/div>\n\n\n\n<div class=\"wp-block-column is-layout-flow wp-block-column-is-layout-flow\">\n<div class=\"wp-block-image\"><figure class=\"aligncenter\"><img loading=\"lazy\" decoding=\"async\" width=\"195\" height=\"79\" src=\"https:\/\/adamstownfilm.com\/wp-content\/uploads\/2018\/03\/Aktion-Mensch-Logo.png\" alt=\"\" class=\"wp-image-231\"\/><\/figure><\/div>\n<\/div>\n\n\n\n<div class=\"wp-block-column is-layout-flow wp-block-column-is-layout-flow\">\n<figure class=\"wp-block-image\"><img loading=\"lazy\" decoding=\"async\" width=\"300\" height=\"124\" src=\"https:\/\/adamstownfilm.com\/wp-content\/uploads\/2019\/04\/BMEL_Logo-300x124.png\" alt=\"\" class=\"wp-image-1028\" srcset=\"https:\/\/adamstownfilm.com\/wp-content\/uploads\/2019\/04\/BMEL_Logo-300x124.png 300w, https:\/\/adamstownfilm.com\/wp-content\/uploads\/2019\/04\/BMEL_Logo-768x316.png 768w, https:\/\/adamstownfilm.com\/wp-content\/uploads\/2019\/04\/BMEL_Logo-1024x422.png 1024w, https:\/\/adamstownfilm.com\/wp-content\/uploads\/2019\/04\/BMEL_Logo.png 2000w\" sizes=\"(max-width: 300px) 100vw, 300px\" \/><figcaption>Gef\u00f6rdert durch: Bundesministerium f\u00fcr Ern\u00e4hrung und Landwirtschaft aufgrund eines Beschlusses des Deutschen Bundestages.<\/figcaption><\/figure>\n<\/div>\n\n\n\n<div class=\"wp-block-column is-layout-flow wp-block-column-is-layout-flow\">\n<div class=\"wp-block-image\"><figure class=\"aligncenter\"><img loading=\"lazy\" decoding=\"async\" width=\"300\" height=\"122\" src=\"https:\/\/adamstownfilm.com\/wp-content\/uploads\/2018\/12\/DKHW-Logo_gef\u00eerdert-durch_rgb-e1544530110489-300x122.jpg\" alt=\"\" class=\"wp-image-814\" srcset=\"https:\/\/adamstownfilm.com\/wp-content\/uploads\/2018\/12\/DKHW-Logo_gef\u00eerdert-durch_rgb-e1544530110489-300x122.jpg 300w, https:\/\/adamstownfilm.com\/wp-content\/uploads\/2018\/12\/DKHW-Logo_gef\u00eerdert-durch_rgb-e1544530110489.jpg 567w\" sizes=\"(max-width: 300px) 100vw, 300px\" \/><\/figure><\/div>\n<\/div>\n<\/div>\n\n\n\n<div class=\"wp-block-columns alignwide has-4-columns is-layout-flex wp-container-core-columns-layout-4 wp-block-columns-is-layout-flex\">\n<div class=\"wp-block-column is-layout-flow wp-block-column-is-layout-flow\">\n<div class=\"wp-block-image\"><figure class=\"aligncenter\"><img loading=\"lazy\" decoding=\"async\" width=\"300\" height=\"96\" src=\"https:\/\/adamstownfilm.com\/wp-content\/uploads\/2019\/05\/5a_Gefoerdert-von_engagement-Global-logo-EG_LOGO_Pantone_Coated-2-300x96.jpg\" alt=\"\" class=\"wp-image-1159\" srcset=\"https:\/\/adamstownfilm.com\/wp-content\/uploads\/2019\/05\/5a_Gefoerdert-von_engagement-Global-logo-EG_LOGO_Pantone_Coated-2-300x96.jpg 300w, https:\/\/adamstownfilm.com\/wp-content\/uploads\/2019\/05\/5a_Gefoerdert-von_engagement-Global-logo-EG_LOGO_Pantone_Coated-2-768x247.jpg 768w, https:\/\/adamstownfilm.com\/wp-content\/uploads\/2019\/05\/5a_Gefoerdert-von_engagement-Global-logo-EG_LOGO_Pantone_Coated-2-1024x329.jpg 1024w\" sizes=\"(max-width: 300px) 100vw, 300px\" \/><figcaption>Gef\u00f6rdert von Engagement Global gGmbH im Auftrag des BMZ im Rahmen von weltw\u00e4rts.<\/figcaption><\/figure><\/div>\n<\/div>\n\n\n\n<div class=\"wp-block-column is-layout-flow wp-block-column-is-layout-flow\">\n<div class=\"wp-block-image\"><figure class=\"aligncenter\"><img loading=\"lazy\" decoding=\"async\" width=\"300\" height=\"209\" src=\"https:\/\/adamstownfilm.com\/wp-content\/uploads\/2019\/05\/5b_mit-Mitteln-des_BMZ_DTP_CMYK_en_MMD-2-300x209.jpg\" alt=\"\" class=\"wp-image-1160\" srcset=\"https:\/\/adamstownfilm.com\/wp-content\/uploads\/2019\/05\/5b_mit-Mitteln-des_BMZ_DTP_CMYK_en_MMD-2-300x209.jpg 300w, https:\/\/adamstownfilm.com\/wp-content\/uploads\/2019\/05\/5b_mit-Mitteln-des_BMZ_DTP_CMYK_en_MMD-2-768x536.jpg 768w, https:\/\/adamstownfilm.com\/wp-content\/uploads\/2019\/05\/5b_mit-Mitteln-des_BMZ_DTP_CMYK_en_MMD-2-1024x714.jpg 1024w, https:\/\/adamstownfilm.com\/wp-content\/uploads\/2019\/05\/5b_mit-Mitteln-des_BMZ_DTP_CMYK_en_MMD-2.jpg 1634w\" sizes=\"(max-width: 300px) 100vw, 300px\" \/><\/figure><\/div>\n\n\n\n<p><\/p>\n<\/div>\n\n\n\n<div class=\"wp-block-column is-layout-flow wp-block-column-is-layout-flow\">\n<div class=\"wp-block-image\"><figure class=\"aligncenter\"><img loading=\"lazy\" decoding=\"async\" width=\"300\" height=\"97\" src=\"https:\/\/adamstownfilm.com\/wp-content\/uploads\/2019\/05\/5c_im-rahmen-von_Logo_weltwaerts_pos_cmyk-2-300x97.jpg\" alt=\"\" class=\"wp-image-1161\" srcset=\"https:\/\/adamstownfilm.com\/wp-content\/uploads\/2019\/05\/5c_im-rahmen-von_Logo_weltwaerts_pos_cmyk-2-300x97.jpg 300w, https:\/\/adamstownfilm.com\/wp-content\/uploads\/2019\/05\/5c_im-rahmen-von_Logo_weltwaerts_pos_cmyk-2-768x248.jpg 768w, https:\/\/adamstownfilm.com\/wp-content\/uploads\/2019\/05\/5c_im-rahmen-von_Logo_weltwaerts_pos_cmyk-2-1024x330.jpg 1024w\" sizes=\"(max-width: 300px) 100vw, 300px\" \/><\/figure><\/div>\n<\/div>\n\n\n\n<div class=\"wp-block-column is-layout-flow wp-block-column-is-layout-flow\">\n<div class=\"wp-block-image\"><figure class=\"aligncenter\"><img loading=\"lazy\" decoding=\"async\" width=\"300\" height=\"138\" src=\"https:\/\/adamstownfilm.com\/wp-content\/uploads\/2019\/05\/6_Landeszentrale-pol-Bildung-HH_Logo-LZ-Hamburg-1-300x138.jpg\" alt=\"\" class=\"wp-image-1162\" srcset=\"https:\/\/adamstownfilm.com\/wp-content\/uploads\/2019\/05\/6_Landeszentrale-pol-Bildung-HH_Logo-LZ-Hamburg-1-300x138.jpg 300w, https:\/\/adamstownfilm.com\/wp-content\/uploads\/2019\/05\/6_Landeszentrale-pol-Bildung-HH_Logo-LZ-Hamburg-1-768x354.jpg 768w, https:\/\/adamstownfilm.com\/wp-content\/uploads\/2019\/05\/6_Landeszentrale-pol-Bildung-HH_Logo-LZ-Hamburg-1-1024x472.jpg 1024w\" sizes=\"(max-width: 300px) 100vw, 300px\" \/><\/figure><\/div>\n<\/div>\n<\/div>\n\n\n\n<div class=\"wp-block-columns alignwide has-4-columns is-layout-flex wp-container-core-columns-layout-5 wp-block-columns-is-layout-flex\">\n<div class=\"wp-block-column is-layout-flow wp-block-column-is-layout-flow\">\n<div class=\"wp-block-image\"><figure class=\"aligncenter\"><img loading=\"lazy\" decoding=\"async\" width=\"225\" height=\"225\" src=\"https:\/\/adamstownfilm.com\/wp-content\/uploads\/2019\/05\/7_filmwerkstattkiel-1.png\" alt=\"\" class=\"wp-image-1166\" srcset=\"https:\/\/adamstownfilm.com\/wp-content\/uploads\/2019\/05\/7_filmwerkstattkiel-1.png 225w, https:\/\/adamstownfilm.com\/wp-content\/uploads\/2019\/05\/7_filmwerkstattkiel-1-150x150.png 150w\" sizes=\"(max-width: 225px) 100vw, 225px\" \/><\/figure><\/div>\n<\/div>\n\n\n\n<div class=\"wp-block-column is-layout-flow wp-block-column-is-layout-flow\">\n<div class=\"wp-block-image\"><figure class=\"aligncenter\"><img loading=\"lazy\" decoding=\"async\" width=\"300\" height=\"147\" src=\"https:\/\/adamstownfilm.com\/wp-content\/uploads\/2019\/05\/8_LandschaftsverbandLSC_gross-300x147.jpg\" alt=\"\" class=\"wp-image-1150\" srcset=\"https:\/\/adamstownfilm.com\/wp-content\/uploads\/2019\/05\/8_LandschaftsverbandLSC_gross-300x147.jpg 300w, https:\/\/adamstownfilm.com\/wp-content\/uploads\/2019\/05\/8_LandschaftsverbandLSC_gross-768x377.jpg 768w, https:\/\/adamstownfilm.com\/wp-content\/uploads\/2019\/05\/8_LandschaftsverbandLSC_gross-1024x502.jpg 1024w\" sizes=\"(max-width: 300px) 100vw, 300px\" \/><\/figure><\/div>\n<\/div>\n\n\n\n<div class=\"wp-block-column is-layout-flow wp-block-column-is-layout-flow\">\n<div class=\"wp-block-image\"><figure class=\"aligncenter\"><img loading=\"lazy\" decoding=\"async\" width=\"300\" height=\"140\" src=\"https:\/\/adamstownfilm.com\/wp-content\/uploads\/2019\/05\/9_MBF_logo-300x140.png\" alt=\"\" class=\"wp-image-1151\" srcset=\"https:\/\/adamstownfilm.com\/wp-content\/uploads\/2019\/05\/9_MBF_logo-300x140.png 300w, https:\/\/adamstownfilm.com\/wp-content\/uploads\/2019\/05\/9_MBF_logo.png 329w\" sizes=\"(max-width: 300px) 100vw, 300px\" \/><\/figure><\/div>\n\n\n\n<p><\/p>\n<\/div>\n\n\n\n<div class=\"wp-block-column is-layout-flow wp-block-column-is-layout-flow\">\n<div class=\"wp-block-image\"><figure class=\"aligncenter\"><img loading=\"lazy\" decoding=\"async\" width=\"300\" height=\"92\" src=\"https:\/\/adamstownfilm.com\/wp-content\/uploads\/2019\/05\/10_neXTmosaik-768x235-300x92.jpg\" alt=\"\" class=\"wp-image-1152\" srcset=\"https:\/\/adamstownfilm.com\/wp-content\/uploads\/2019\/05\/10_neXTmosaik-768x235-300x92.jpg 300w, https:\/\/adamstownfilm.com\/wp-content\/uploads\/2019\/05\/10_neXTmosaik-768x235.jpg 768w\" sizes=\"(max-width: 300px) 100vw, 300px\" \/><\/figure><\/div>\n<\/div>\n<\/div>\n\n\n\n<div class=\"wp-block-columns alignwide has-4-columns is-layout-flex wp-container-core-columns-layout-6 wp-block-columns-is-layout-flex\">\n<div class=\"wp-block-column is-layout-flow wp-block-column-is-layout-flow\">\n<div class=\"wp-block-image\"><figure class=\"aligncenter\"><img loading=\"lazy\" decoding=\"async\" width=\"300\" height=\"131\" src=\"https:\/\/adamstownfilm.com\/wp-content\/uploads\/2019\/05\/11_Niedersa\u0308chsische-Landeszentrale-fu\u0308r-politische-Bildung_image_full-300x131.jpg\" alt=\"\" class=\"wp-image-1153\" srcset=\"https:\/\/adamstownfilm.com\/wp-content\/uploads\/2019\/05\/11_Niedersa\u0308chsische-Landeszentrale-fu\u0308r-politische-Bildung_image_full-300x131.jpg 300w, https:\/\/adamstownfilm.com\/wp-content\/uploads\/2019\/05\/11_Niedersa\u0308chsische-Landeszentrale-fu\u0308r-politische-Bildung_image_full.jpg 502w\" sizes=\"(max-width: 300px) 100vw, 300px\" \/><\/figure><\/div>\n<\/div>\n\n\n\n<div class=\"wp-block-column is-layout-flow wp-block-column-is-layout-flow\">\n<div class=\"wp-block-image\"><figure class=\"aligncenter\"><img loading=\"lazy\" decoding=\"async\" width=\"300\" height=\"54\" src=\"https:\/\/adamstownfilm.com\/wp-content\/uploads\/2019\/05\/12_Niedersaechsisches-Ministerium-fuer-wissneschaft_MWK_Logo-300x54.jpeg\" alt=\"\" class=\"wp-image-1154\" srcset=\"https:\/\/adamstownfilm.com\/wp-content\/uploads\/2019\/05\/12_Niedersaechsisches-Ministerium-fuer-wissneschaft_MWK_Logo-300x54.jpeg 300w, https:\/\/adamstownfilm.com\/wp-content\/uploads\/2019\/05\/12_Niedersaechsisches-Ministerium-fuer-wissneschaft_MWK_Logo.jpeg 527w\" sizes=\"(max-width: 300px) 100vw, 300px\" \/><\/figure><\/div>\n<\/div>\n\n\n\n<div class=\"wp-block-column is-layout-flow wp-block-column-is-layout-flow\">\n<div class=\"wp-block-image\"><figure class=\"aligncenter is-resized\"><img loading=\"lazy\" decoding=\"async\" src=\"https:\/\/adamstownfilm.com\/wp-content\/uploads\/2019\/05\/13_OFAJ_DFJW_Logo_1000px_Web-300x194.jpg\" alt=\"\" class=\"wp-image-1155\" width=\"150\" height=\"92\"\/><\/figure><\/div>\n<\/div>\n\n\n\n<div class=\"wp-block-column is-layout-flow wp-block-column-is-layout-flow\">\n<div class=\"wp-block-image\"><figure class=\"aligncenter is-resized\"><img decoding=\"async\" src=\"https:\/\/adamstownfilm.com\/wp-content\/uploads\/2019\/05\/14_pjw-logo.gif\" alt=\"\" class=\"wp-image-1156\" width=\"124\"\/><\/figure><\/div>\n<\/div>\n<\/div>","protected":false},"excerpt":{"rendered":"<p>Projekttr\u00e4ger und Kooperationspartner Der Film Adamstown ist das Ergebnis der Arbeit aus mehreren parallelen und aufeinander folgenden Projekten des ABC Bildungs- und Tagungszentrum e.V. und der H\u00fcller Medienwerkstatt e.V. in Zusammenarbeit mit DirectorsCut \u2013 Filmproduktion Patrick Merz und dem Kwetu Film Institute, in Kooperation mit Stiftung Leben und Arbeiten und [&hellip;]<\/p>","protected":false},"author":1,"featured_media":0,"parent":0,"menu_order":0,"comment_status":"closed","ping_status":"closed","template":"","meta":{"footnotes":""},"_links":{"self":[{"href":"https:\/\/adamstownfilm.com\/en\/wp-json\/wp\/v2\/pages\/1088"}],"collection":[{"href":"https:\/\/adamstownfilm.com\/en\/wp-json\/wp\/v2\/pages"}],"about":[{"href":"https:\/\/adamstownfilm.com\/en\/wp-json\/wp\/v2\/types\/page"}],"author":[{"embeddable":true,"href":"https:\/\/adamstownfilm.com\/en\/wp-json\/wp\/v2\/users\/1"}],"replies":[{"embeddable":true,"href":"https:\/\/adamstownfilm.com\/en\/wp-json\/wp\/v2\/comments?post=1088"}],"version-history":[{"count":41,"href":"https:\/\/adamstownfilm.com\/en\/wp-json\/wp\/v2\/pages\/1088\/revisions"}],"predecessor-version":[{"id":1278,"href":"https:\/\/adamstownfilm.com\/en\/wp-json\/wp\/v2\/pages\/1088\/revisions\/1278"}],"wp:attachment":[{"href":"https:\/\/adamstownfilm.com\/en\/wp-json\/wp\/v2\/media?parent=1088"}],"curies":[{"name":"wp","href":"https:\/\/api.w.org\/{rel}","templated":true}]}}