{"id":1172,"date":"2019-05-04T20:47:53","date_gmt":"2019-05-04T20:47:53","guid":{"rendered":"https:\/\/adamstownfilm.com\/?page_id=1172"},"modified":"2019-05-08T09:10:29","modified_gmt":"2019-05-08T09:10:29","slug":"cast-team-crew","status":"publish","type":"page","link":"https:\/\/adamstownfilm.com\/en\/cast-team-crew\/","title":{"rendered":"Cast &#038; Team &#038; Crew"},"content":{"rendered":"<h4 class=\"wp-block-heading\">CAST<\/h4>\n\n\n\n<p>Quentin Hansson \u2013 Fawad Falzi<br>Hans Muller \u2013 Fares Wadi<br>Miranda Frenzy \u2013 Marie-Elena Zibell<br>Julius Walker \u2013 Rayan Farousi<br>Sandy Scott \u2013 Mariola Kuriata<br>Martha \u2013 Honorine Uwayo<br>George \u2013 Hamidullah Habibi<br>Alicia \u2013 Johanna Sarah Schmidt<br>Billy \u2013 Frenze Huth<br>Ernie \u2013 Benita Weber<br>Sam \u2013 Yasen Elenov<br>Old Hansson \u2013 Faraidoon Nekhat<br>Adam Sanders \u2013 Herbert Imig<br>Eve Johnson \u2013 Gisela Jahn<br>Sheriff \u2013 Marcel P\u00f6tter<br>Deputy \u2013 Maude Piepmeier<br>Joe \u2013 Joshua Casimir Cyrol<br>John Darlington \u2013 Liam Krumstroh<br>Shimmy \u2013 Saif Al-Magtoof Hadi<br>Tom \u2013 Gretje Janssen<br>Little Joe \u2013 Lisa Heidthold<br>Ben \u2013 Tobias Kleen<br>Customer \u2013 Franziska W\u00f6tzel<br>Dog Merlin \u2013 Merlin<br><\/p>\n\n\n\n<p><strong>The Johnsons<br><\/strong>Alan Adil<br>Amir Mohammadi<br>Aziz Mahamed<br>Brishilda Salkurti<br>David Ndahiriwe<br>Gaelle Ndongozi Divine<br>Kerrin Marie Andersen<br>Linda Verweyen<br>Osman Omer<br>Saman Adil<br>Lily Petersen<\/p>\n\n\n\n<p><strong>The Villagers<br><\/strong> Carriage Driver<br> Sabine B\u00fcther<br> Assistant Carriage Driver<br> Klaus Wolter<br> Abdalazim Albokhary<br> Abdul Kareem Ezzo Rohebane<br> Ahmed Hmila<br> Birgit Gr\u00fctzner<br> Lea Piotter<br> Stephen Ehrhorn<br> Weam Issa<br> Zaman Muradi<br> Hashim Hussein<br> Ingolf Horst<br> Jutta Raffold<\/p>\n\n\n\n<p><strong>Sandy Scott&#8217;s romanticied dream<br><\/strong> Little Scott \u2013 Sophie Lara Kuriata<br> Young Filmaker \u2013 Jona Tali Herber<br> Young Filmaker \u2013 Tim Elias Musal<br> Indigenous animal  \u2013 Smilla Naemi Herber<br> Indigenous animal \u2013 Levi Paschmann<br> Indigenous people \u2013 Noha Hussein<br> Indigenous people \u2013 Buthaina Hussein<br> Indigenous people \u2013 Eleni Zohar Herber<br> Indigenous people \u2013 Lotte Jola Wei\u00df<br> Indigenous people \u2013 Konstantin Jan Kuriata<br> Indigenous animal \u2013 Izzy Thalgott<\/p>\n\n\n\n<p><strong>Choreographer Johnson \/ Villager fight<br><\/strong> Ian Meneau<br> Marisol Ostroglad<br> Hugo Dubois<br> Soline Loste-Tournil<br> Manon Parent<br> Jade Savoye<br> Lucas Verines<br> Nicolas Savoye<br> Ludivine Secall<br> Amila Crljenkovic<br> Amina Jusi\u0107<br> Edin Avduki\u0107<br> Jalal Romano<br> Nadina Hodzic<br> Edina Burekovi\u0107<br> Amna Okanovi\u0107<br> Iman Pita<\/p>\n\n\n\n<h4 class=\"wp-block-heading\">CREW<br><\/h4>\n\n\n\n<p><strong>Director<\/strong><br>Patrick Merz<br>Henning W\u00f6tzel-Herber<\/p>\n\n\n\n<p><strong>1st Assistant Director<br><\/strong> Haydar Manschaft <\/p>\n\n\n\n<p><strong>DOP<\/strong><br> Jeremy Boschung<\/p>\n\n\n\n<p><strong>Camera<\/strong><br> Isabel Neyses<br> Lilli Thalgott<br> Mohamad Ouwaied<\/p>\n\n\n\n<p><strong>1st Camera Assistant<br><\/strong> Deus Kwizera<\/p>\n\n\n\n<p><strong>Camera Assistant<br><\/strong> Linus Kurz<br> Patrick Nsengimana<br> David Sinkemat<\/p>\n\n\n\n<p><strong>Acting Training<br><\/strong> Christina Heitfeld<\/p>\n\n\n\n<p><strong>Costume Design<br><\/strong> Annika Krahnke<br> Rica B\u00fcckmann<\/p>\n\n\n\n<p><strong>Make-up Artist<br><\/strong> Nora Wiest<\/p>\n\n\n\n<p><strong>Producer<br><\/strong> Andrea Keller<br> Henning W\u00f6tzel-Herber<\/p>\n\n\n\n<p><strong>Co Producer<br><\/strong> Patrick Merz<br> Cesar Magloire Muzingu<br> Eric Kabera<\/p>\n\n\n\n<p><strong>1st Executive Producer<br><\/strong> Andrea Keller<\/p>\n\n\n\n<p><strong>2nd Executive Producer<br><\/strong> Ina Meier<\/p>\n\n\n\n<p><strong>Executive Producer Assistant<br><\/strong> Franca    Ulrich<\/p>\n\n\n\n<p><strong>Production Assistant<br><\/strong> Leena Adil<br> Torben M\u00fcller<br> Christian Kirschner<\/p>\n\n\n\n<p><strong>Sound Production<br><\/strong> Juan Romero<\/p>\n\n\n\n<p><strong>Sound Engineer<br><\/strong> Juan Romero<br> Marcel Behrens<\/p>\n\n\n\n<p><strong>Sound Assistant<br><\/strong> Gaelle Divine Ndongozi<\/p>\n\n\n\n<p><strong>Music and Voice Producer<br><\/strong> Iris Cyrol<\/p>\n\n\n\n<p><strong>Light<\/strong><br> Lilli Thalgott<br> Isabel Neyses<\/p>\n\n\n\n<p><strong>DIT<\/strong><br> Kerrin Marie Andersen<\/p>\n\n\n\n<p><strong>Editing<\/strong><br> Patrick Merz<br> Henning W\u00f6tzel-Herber<\/p>\n\n\n\n<p><strong>Script<\/strong><br> Henning W\u00f6tzel-Herber<br> Patrick Merz<\/p>\n\n\n\n<p><strong>Script Consulting<br><\/strong> Verena Braun<\/p>\n\n\n\n<p><strong>Grants and funding wizard<br><\/strong> Henning W\u00f6tzel-Herber<\/p>\n\n\n\n<p><strong>Supervisor Civic Education<br><\/strong> Andrea Keller<br> Henning W\u00f6tzel-Herber<\/p>\n\n\n\n<p><strong>Head of Civic Education<br><\/strong> Asta Boruseviciute<\/p>\n\n\n\n<p><strong>Civic Education<br><\/strong> Sarah N\u00fcdling<br> Cesar Magloire Muzingu<br> Jochen Sch\u00fcller<br> Teresa Musal<br> Christian Kirschner<br> Abdulrahman Alabbas<br> Leena Adil<br> Roberto Alexis Rodr\u00edguez Su\u00e1rez<br> Omer Idrissa Ouedraogo<br> Dima Ostroglad<br> Aminata Tall<br> Andrea Possmayer<br> Nicolas Rubira<br> Aida Brdar<\/p>\n\n\n\n<p><strong>Civic Education Inclusion Assistant<br><\/strong> Ahmed Hmila<br> Jutta Raffold<br> Stephen Ehrhorn<\/p>\n\n\n\n<p><strong>Animal training<br><\/strong> Iris Ammann<\/p>\n\n\n\n<p><strong>Set Design and Constructions<br><\/strong> Uwe Sinkemat<\/p>\n\n\n\n<p><strong>SFX<\/strong><br> Jeremy Boschung<\/p>\n\n\n\n<p><strong>Continuity <br><\/strong> Kerrin Marie Andersen<br> Haydar Manschaft <\/p>\n\n\n\n<p><strong>Drone Pilot<br><\/strong> Linus Kurz<\/p>\n\n\n\n<p><strong>Still Photography<br><\/strong> Ina Meier<br> Juan Romero<\/p>\n\n\n\n<p><strong>Grip<br><\/strong> David Sinkemat<br> Patrick    Nsengimana<br> Rayan Farousi<br> Saif Al-Magtoof Hadi<br> Osman Omer<br> Gaelle Divine Ndongozi<\/p>\n\n\n\n<p><strong>Miniature Supervisor<br><\/strong> David Sinkemat<br> Balthasar Volpe<br> Max Krems<\/p>\n\n\n\n<p><strong>Pyrotechnics<br><\/strong> Uwe Sinkemat<\/p>\n\n\n\n<h4 class=\"wp-block-heading\">Support by the staff of the ABC Bildungs- und Tagungszentrum and H\u00fcller Medienwerkstatt<\/h4>\n\n\n\n<p>Ina Meier<br>Margarete Tremel    <br>Ramona Czechleba    <br>Svenja Ott    <br>Enrico Niehoff    <br>Annemarie Allzeit-Helmke    <br>Tanja Untiedt    <br>Anke Wulff    <br>Elke Hirrschoff    <br>Regina Schlichting    <br>Iris Ammann    <br>Silvia Schlichting    <br>J\u00fcrgen Wentzel    <br>Jens Larssen    <br>Michael Burkhardt    <br>Bernd Schlichting    <br>Birte Frische    <br>Sophia Guttenh\u00f6fer    <br>Hanna von Behr<\/p>\n\n\n\n<h4 class=\"wp-block-heading\">Original Score<br><\/h4>\n\n\n\n<p>Verena Braun<\/p>\n\n\n\n<h4 class=\"wp-block-heading\">Original Soundtrack<br><\/h4>\n\n\n\n<p>Verena Braun \u2013 Music and Lyrics <br>Nils Tuxen, guitar, dobro, mandoline, fiddle, Paddle steel<br>Uwe Frenzel, doublebass<br>Markus Bak, guitar, blues-harp and production<\/p>\n\n\n\n<h4 class=\"wp-block-heading\"><strong>2nd Units \/ Music Clips <\/strong><\/h4>\n\n\n\n<p><strong>Warum bist du<br><\/strong> performed by Fares Wadi and Rayan Farousi<\/p>\n\n\n\n<p><strong>Adam, wenn du w\u00fcsstest<br><\/strong> performed by Honorine Uwayo<\/p>\n\n\n\n<p><strong>Ein Mann muss reiten<br><\/strong> performed by Hamidullah Habibi<\/p>\n\n\n\n<p><strong>directed and edited by <br><\/strong> Linda Verweyen<br> Meisam Amini<\/p>\n\n\n\n<p><strong>Camera<br><\/strong> Mohamad Ouwaied<\/p>\n\n\n\n<p><strong>Fr\u00fcher        <br><\/strong> performed by Verena Braun        <\/p>\n\n\n\n<p><strong>directed by <br><\/strong> Lara-Maria Wichels<\/p>\n\n\n\n<p><strong>edited by<br><\/strong> Jendrik Hillebrecht<br> Lara-Maria Wichels<\/p>\n\n\n\n<p><strong>Assistant Director, Costumes<br><\/strong> Rhea Sahl<\/p>\n\n\n\n<p><strong>Camera<br><\/strong> Linus Kurz<\/p>\n\n\n\n<p><strong>Camera Assistant<br><\/strong> Jona Tali Herber <\/p>\n\n\n\n<p><strong>Zur\u00fcck nach Schweden        <br><\/strong> performed by Faraidoon Nekhat    <\/p>\n\n\n\n<p><strong>directed and edited by <br><\/strong> David Sinkemat<\/p>\n\n\n\n<p><strong>Camera<br><\/strong> David Sinkemat<\/p>\n\n\n\n<p><strong>Mutter        <br><\/strong> performed by Benita Weber and Yasen Elenov        <\/p>\n\n\n\n<p><strong>directed by<br><\/strong> Gaelle Divine Ndongozi<br> David Ndahiriwe<\/p>\n\n\n\n<p><strong>edited by<br><\/strong> David Ndahiriwe<\/p>\n\n\n\n<p><strong>Camera<br><\/strong> Patrick Nsengimana<\/p>\n\n\n\n<p><strong>Assistant Camera<br><\/strong> Deus Kwizera    <\/p>\n\n\n\n<p><strong>Oh<\/strong> <strong>George<\/strong>        <br> performed by Johanna Sarah Schmidt        <\/p>\n\n\n\n<p><strong>Vater        <\/strong><br> performed by Fawad Falzi and Henning W\u00f6tzel-Herber        <\/p>\n\n\n\n<p><strong>Aus dem Weg         <\/strong><br> performed by Benita Weber, Linda Verweyen, Franca Ulrich, Joshua Casimir Cyrol, Aziz Mahamed, Amir Mohammadi, Johanna Sarah Schmidt, Osman Omer and Yasen Elenov<\/p>\n\n\n\n<p><strong>Choreography and Acting Training<\/strong><br> Dima Ostroglad<\/p>\n\n\n\n<p><strong>Adamstown        <br><\/strong> performed by Benita Weber, Linda Verweyen, Franca Ulrich, Joshua Casimir Cyrol, Amir Mohammadi, Osman Omer, Rayan Farousi, Asta Boruseviciute, Marie-Elena Zibell, Alan Adil, Weam Issa and Yasen Elenov        <\/p>\n\n\n\n<p><strong>Zur\u00fcck ins Leben    <\/strong>    <br> performed by Verena Braun        <\/p>\n\n\n\n<p>All original versions performed by Verena Braun<\/p>\n\n\n\n<p><\/p>\n\n\n\n<h4 class=\"wp-block-heading\">Literary Quotes<\/h4>\n\n\n\n<p>\u201eDie Waffe der Kritik kann allerdings die Kritik der Waffen nicht ersetzen. Die materielle Gewalt mu\u00df gest\u00fcrzt werden durch materielle Gewalt, allein auch die Theorie wird zur materiellen Gewalt.\u201c<br>\nKarl Marx, Zur Kritik der Hegelschen Rechtsphilosophie. 1844<\/p>\n\n\n\n<p>\u201eDie Dichotomien von Geist und K\u00f6rper, Tier und Mensch, Organismus und Maschine, \u00f6ffentlich und privat, Natur und Kultur, M\u00e4nner und Frauen, primitiv und zivilisiert sind seit langem ideologisch ausgeh\u00f6hlt.\u201c<br>\nDonna Haraway, Ein Manifest f\u00fcr Cyborgs. 1985<\/p>\n\n\n\n<p>\u201eWas ist ein Dietrich gegen eine Aktie? Was ist ein Einbruch in eine Bank gegen die Gr\u00fcndung einer Bank?\u201c<br>\nBertolt Brecht, Die Dreigroschenoper. 1931<\/p>\n\n\n\n<p>\u201eDie Majorit\u00e4t der Dummen ist un\u00fcberwindbar und f\u00fcr alle Zeiten gesichert.\u201c<br>\nAlbert Einstein, Aphorismen f\u00fcr Leo Baeck. 1953<\/p>","protected":false},"excerpt":{"rendered":"<p>CAST Quentin Hansson \u2013 Fawad FalziHans Muller \u2013 Fares WadiMiranda Frenzy \u2013 Marie-Elena ZibellJulius Walker \u2013 Rayan FarousiSandy Scott \u2013 Mariola KuriataMartha \u2013 Honorine UwayoGeorge \u2013 Hamidullah HabibiAlicia \u2013 Johanna Sarah SchmidtBilly \u2013 Frenze HuthErnie \u2013 Benita WeberSam \u2013 Yasen ElenovOld Hansson \u2013 Faraidoon NekhatAdam Sanders \u2013 Herbert ImigEve Johnson [&hellip;]<\/p>","protected":false},"author":1,"featured_media":0,"parent":0,"menu_order":0,"comment_status":"closed","ping_status":"closed","template":"","meta":{"footnotes":""},"_links":{"self":[{"href":"https:\/\/adamstownfilm.com\/en\/wp-json\/wp\/v2\/pages\/1172"}],"collection":[{"href":"https:\/\/adamstownfilm.com\/en\/wp-json\/wp\/v2\/pages"}],"about":[{"href":"https:\/\/adamstownfilm.com\/en\/wp-json\/wp\/v2\/types\/page"}],"author":[{"embeddable":true,"href":"https:\/\/adamstownfilm.com\/en\/wp-json\/wp\/v2\/users\/1"}],"replies":[{"embeddable":true,"href":"https:\/\/adamstownfilm.com\/en\/wp-json\/wp\/v2\/comments?post=1172"}],"version-history":[{"count":3,"href":"https:\/\/adamstownfilm.com\/en\/wp-json\/wp\/v2\/pages\/1172\/revisions"}],"predecessor-version":[{"id":1184,"href":"https:\/\/adamstownfilm.com\/en\/wp-json\/wp\/v2\/pages\/1172\/revisions\/1184"}],"wp:attachment":[{"href":"https:\/\/adamstownfilm.com\/en\/wp-json\/wp\/v2\/media?parent=1172"}],"curies":[{"name":"wp","href":"https:\/\/api.w.org\/{rel}","templated":true}]}}