{"id":1175,"date":"2019-05-04T20:53:18","date_gmt":"2019-05-04T20:53:18","guid":{"rendered":"https:\/\/adamstownfilm.com\/?page_id=1175"},"modified":"2019-06-19T11:03:47","modified_gmt":"2019-06-19T11:03:47","slug":"dank-an","status":"publish","type":"page","link":"https:\/\/adamstownfilm.com\/en\/dank-an\/","title":{"rendered":"Wir danken herzlich"},"content":{"rendered":"<p>\u2026 dem <strong>Team des ABC Bildungs- und Tagungszentrums<\/strong> in Drochtersen-H\u00fcll f\u00fcr die gute Zusammenarbeit, das Engagement und die Flexibilit\u00e4t im Umgang mit dem Universum Adamstown: Ina Meier, Margarete Tremel, Ramona Czechleba, Svenja Ott, Enrico Niehoff, Annemarie Allzeit-Helmke, Tanja Untiedt, Anke Wulff, Elke Hirrschoff, Regina Schlichting, Iris Ammann, Silvia Schlichting, J\u00fcrgen Wentzel, Jens Larssen, Michael Burkhardt, Bernd Schlichting.<\/p>\n\n\n\n<p>\u2026 den <strong>Bewohner*innen der Gemeinde Osten und der Samtgemeinde Hemmoor<\/strong> f\u00fcr ihre freundliche Unterst\u00fctzung bei unseren Dreharbeiten und jeder verr\u00fcckten Idee, f\u00fcr ihre Geduld bei Verkehrsproblemen, ihr Interesse an unserer Arbeit und f\u00fcr den Schl\u00fcssel zur Powerbox. Besonderer Dank gilt den Verantwortlichen der Gemeindeverwaltung, der Kulturm\u00fchle e.V., dem Heimat- und Buddelmuseum Alte Rektorschule Osten, Gemeindedirektor Torsten Jules, Eliza Ehrenhardt vom Caf\u00e9 Central Osten, Edda Gerdes, Sabine Auf dem Felde, Meike Brinkmann, Dieter Ducksch, Odo Peters, Karl Otto Richters, Lars Toborg, Karin und R\u00fcdiger Toborg.<\/p>\n\n\n\n<p>\u2026 den <strong>Musiker*innen Markus Bak, Nils Tuxen, Uwe Frenzel und Verena Braun<\/strong> f\u00fcr die Musik, die uns von der ersten Note an inspiriert hat.<\/p>\n\n\n\n<p>\u2026 der <strong>MEDIADECK B\u00fcrogemeinschaft Hamburg<\/strong> &#8211; vielen Dank f\u00fcr die Gastfreundschaft und den tollen Blick auf die Elbe.<\/p>\n\n\n\n<h4 class=\"wp-block-heading\">Vielen Dank f\u00fcr Ihre Unterst\u00fctzung<\/h4>\n\n\n\n<p>Konrad Grevenkamp. B\u00fcrgermeister Drochtersen Mike Eckhoff, Iris Ammann. Sabine B\u00fcther. Uli Fischer. Antje Funk. Oliver Heins. Annemarie Helmke. Tim Helmke. Sara Herber. Karl Heinz Hillbert. Peter H\u00f6lzel, Tischlermeister Axt &amp; Kelle. Anja Imig. Henrike Jaa. Henning Jantzen. Naviliat J\u00f6rg. Christoph Kn\u00f6dler. Willy Koppelmann. Benny Kuhlmann. Wilfried Mahler. Cornils Maren. Jutta Patjens. J\u00fcrgen Ram. Ute Reimers. Ursel und Wilfried R\u00f6ndigs. Sara Salkurti. Klaus Schwarzbach. Vika Schyglyk. Gertrud und Herbert Seebeck. Ursula Thinius. Tim Bernd. G\u00f6le und Werner Tripmacher. Jan Viehmann. 25 Stunden Hotel Hamburg HafenCity. Dachdeckerei Horst Freudenthal, Drochtersen. Filmwerkstatt Kiel, MBF Filmtechnik Hamburg, Mietwagen- und Busunternehmen Bernott, Himmelpforten. PRIME TIME Fitness HafenCity. Projekttr\u00e4ger BLE. <\/p>","protected":false},"excerpt":{"rendered":"<p>\u2026 dem Team des ABC Bildungs- und Tagungszentrums in Drochtersen-H\u00fcll f\u00fcr die gute Zusammenarbeit, das Engagement und die Flexibilit\u00e4t im Umgang mit dem Universum Adamstown: Ina Meier, Margarete Tremel, Ramona Czechleba, Svenja Ott, Enrico Niehoff, Annemarie Allzeit-Helmke, Tanja Untiedt, Anke Wulff, Elke Hirrschoff, Regina Schlichting, Iris Ammann, Silvia Schlichting, J\u00fcrgen [&hellip;]<\/p>","protected":false},"author":1,"featured_media":0,"parent":0,"menu_order":0,"comment_status":"closed","ping_status":"closed","template":"page-templates\/template-fullwidth.php","meta":{"footnotes":""},"_links":{"self":[{"href":"https:\/\/adamstownfilm.com\/en\/wp-json\/wp\/v2\/pages\/1175"}],"collection":[{"href":"https:\/\/adamstownfilm.com\/en\/wp-json\/wp\/v2\/pages"}],"about":[{"href":"https:\/\/adamstownfilm.com\/en\/wp-json\/wp\/v2\/types\/page"}],"author":[{"embeddable":true,"href":"https:\/\/adamstownfilm.com\/en\/wp-json\/wp\/v2\/users\/1"}],"replies":[{"embeddable":true,"href":"https:\/\/adamstownfilm.com\/en\/wp-json\/wp\/v2\/comments?post=1175"}],"version-history":[{"count":3,"href":"https:\/\/adamstownfilm.com\/en\/wp-json\/wp\/v2\/pages\/1175\/revisions"}],"predecessor-version":[{"id":1183,"href":"https:\/\/adamstownfilm.com\/en\/wp-json\/wp\/v2\/pages\/1175\/revisions\/1183"}],"wp:attachment":[{"href":"https:\/\/adamstownfilm.com\/en\/wp-json\/wp\/v2\/media?parent=1175"}],"curies":[{"name":"wp","href":"https:\/\/api.w.org\/{rel}","templated":true}]}}