{"id":1199,"date":"2019-06-12T14:48:58","date_gmt":"2019-06-12T14:48:58","guid":{"rendered":"https:\/\/adamstownfilm.com\/?page_id=1199"},"modified":"2019-06-12T16:29:16","modified_gmt":"2019-06-12T16:29:16","slug":"filmvorfuehrung","status":"publish","type":"page","link":"https:\/\/adamstownfilm.com\/en\/filmvorfuehrung\/","title":{"rendered":""},"content":{"rendered":"<p class=\"has-drop-cap\">Wir sind davon \u00fcberzeugt, dass Filme auf die Leinwand geh\u00f6ren, deshalb freuen wir uns, wenn Adamstown m\u00f6glichst oft gezeigt, geschaut, dar\u00fcber gelacht und diskutiert wird. . <\/p>\n\n\n\n<p>Wir stellen das Werk kostenlos zur Verf\u00fcgung. Falls es das Budget zul\u00e4sst, freuen wir uns \u00fcber eine Spende, um weitere Auff\u00fchrungen und begleitende Workshops zu finanzieren. <br><br>Falls gew\u00fcnscht, k\u00f6nnen wir auch Teilnehmende vermitteln, die an der Auff\u00fchrung teilnehmen, Auskunft \u00fcber das Projekt geben oder auch einen Input zu gesamtgesellschaftlicher Inklusion leiten. Dies gegen Fahrtkosten, eine Aufwandsentsch\u00e4digung oder Honorar. <br><\/p>\n\n\n\n<p><strong>Zur Technik <br><\/strong>Wir stellen den Film f\u00fcr den Download zur Verf\u00fcgung; der Film sollte vor der Auff\u00fchrung herunterladen werden. Der Link darf nicht weitergegeben werden; der Download darf nur f\u00fcr Auff\u00fchrung genutzt werden, die mit uns abgesprochen wurden. <br>F\u00fcr Vorf\u00fchrungen ins Kinos gibt es eine DCP-Datei.<\/p>\n\n\n\n<p><strong>Kontakt<br><\/strong><a href=\"mailto:info@adamstownfilm.com\">info@adamstownfilm.com<\/a><\/p>","protected":false},"excerpt":{"rendered":"<p>Wir sind davon \u00fcberzeugt, dass Filme auf die Leinwand geh\u00f6ren, deshalb freuen wir uns, wenn Adamstown m\u00f6glichst oft gezeigt, geschaut, dar\u00fcber gelacht und diskutiert wird. . Wir stellen das Werk kostenlos zur Verf\u00fcgung. Falls es das Budget zul\u00e4sst, freuen wir uns \u00fcber eine Spende, um weitere Auff\u00fchrungen und begleitende Workshops [&hellip;]<\/p>","protected":false},"author":1,"featured_media":0,"parent":0,"menu_order":0,"comment_status":"closed","ping_status":"closed","template":"","meta":{"footnotes":""},"_links":{"self":[{"href":"https:\/\/adamstownfilm.com\/en\/wp-json\/wp\/v2\/pages\/1199"}],"collection":[{"href":"https:\/\/adamstownfilm.com\/en\/wp-json\/wp\/v2\/pages"}],"about":[{"href":"https:\/\/adamstownfilm.com\/en\/wp-json\/wp\/v2\/types\/page"}],"author":[{"embeddable":true,"href":"https:\/\/adamstownfilm.com\/en\/wp-json\/wp\/v2\/users\/1"}],"replies":[{"embeddable":true,"href":"https:\/\/adamstownfilm.com\/en\/wp-json\/wp\/v2\/comments?post=1199"}],"version-history":[{"count":4,"href":"https:\/\/adamstownfilm.com\/en\/wp-json\/wp\/v2\/pages\/1199\/revisions"}],"predecessor-version":[{"id":1243,"href":"https:\/\/adamstownfilm.com\/en\/wp-json\/wp\/v2\/pages\/1199\/revisions\/1243"}],"wp:attachment":[{"href":"https:\/\/adamstownfilm.com\/en\/wp-json\/wp\/v2\/media?parent=1199"}],"curies":[{"name":"wp","href":"https:\/\/api.w.org\/{rel}","templated":true}]}}