{"id":1244,"date":"2019-06-19T10:29:07","date_gmt":"2019-06-19T10:29:07","guid":{"rendered":"https:\/\/adamstownfilm.com\/?page_id=1244"},"modified":"2020-04-03T09:59:18","modified_gmt":"2020-04-03T09:59:18","slug":"comicbestellung","status":"publish","type":"page","link":"https:\/\/adamstownfilm.com\/en\/comicbestellung\/","title":{"rendered":"Adamstown \u2013 das Comic"},"content":{"rendered":"<p>Vor der Verfilmung wurde Adamstown als Comic erz\u00e4hlt und in Hamburg gezeichnet von Verena Braun. Die zum Comic geh\u00f6renden <a href=\"http:\/\/verenabraun.bandcamp.com\">Songs sind als Download<\/a> verf\u00fcgbar.<\/p>\n\n\n\n<h3 class=\"wp-block-heading\">Comics gegen Corona!<\/h3>\n\n\n\n<p>Mit dem Kauf des Comics unterst\u00fctzt du die Bildungsarbeit vom <a href=\"https:\/\/abc-huell.de\">ABC Bildungs- und Tagungszentrum e.V.<\/a>, dass aufgrund der Corona-Krise in finanziellen Schwierigkeiten steckt. Zus\u00e4tzliche <a href=\"https:\/\/www.leetchi.com\/c\/abc-huell-retten\">Spenden z.B. \u00fcber Leetchi<\/a> m\u00f6glich.<\/p>\n\n\n\n<div class=\"wp-block-ftg-gallery\"><!-- Final Tiles Grid Gallery for WordPress v3.5.8 free --><style>#ftg-33 .tile .icon { color:#ffffff; }#ftg-33 .ftg-items .loading-bar i { background:#666; }#ftg-33 .ftg-items .loading-bar { background:#fff; }#ftg-33 .tile .icon { font-size:12px; }#ftg-33 .tile .icon { margin: -6px 0 0 -6px; }#ftg-33 .tile .caption-block .text-wrapper span.text { font-size:12px; }#ftg-33 .tile .caption-outside .text-wrapper span.text { font-size:12px; }#ftg-33 .tile .caption-block .text-wrapper span.title { font-size:14px; }#ftg-33 .tile .caption-outside .text-wrapper span.title { font-size:14px; }#ftg-33 .tile { background-color: transparent; }#ftg-33 .tile .caption-block .text-wrapper span.text { color: #ffffff; }#ftg-33 .tile .caption-block .text-wrapper span.title { color: #ffffff; }#ftg-33 .tile .caption-outside .text-wrapper span.text { color: #ffffff; }#ftg-33 .tile .caption-outside .text-wrapper span.title { color: #ffffff; }#ftg-33 .tile .ftg-social a { color: #ffffff; }#ftg-33 .tile .caption-block { transition-timing-function:linear; }#ftg-33 .tile .caption-block { transition-duration:0.25s; }#ftg-33 .tile .tile-inner:before { background-color: #000000; }#ftg-33 .tile .tile-inner:before { background-color: rgba(0, 0, 0, 0.8); }<\/style><a name='3'><\/a><div class='final-tiles-gallery  ftg-hover-enabled caption-inside  caption-none caption-middle caption-center' id='ftg-33' style='width:100%'><div class='ftg-items'><div class='loading-bar'><i><\/i><\/div><div  class='tile ftg-preload'><a title=\"Adamstown_Seite_004\" data-lightbox='ftg-33' rel='ftg-33'  class='tile-inner  ftg-lightbox' href='https:\/\/adamstownfilm.com\/wp-content\/uploads\/2018\/03\/Adamstown_Seite_004-738x1024.jpg' ><img alt='Adamstown_Seite_004' class='item skip-lazy' data-class='item' data-ftg-source='https:\/\/adamstownfilm.com\/wp-content\/uploads\/2018\/03\/Adamstown_Seite_004-738x1024.jpg' src='https:\/\/adamstownfilm.com\/wp-content\/uploads\/2018\/03\/Adamstown_Seite_004-738x1024.jpg' width='738' height='1024' \/><span class='icon fa fa-zoom'><\/span><div class='caption-block'><div class='text-wrapper'><span class='title'>Adamstown_Seite_004<\/span><\/div><\/div><\/a><div class='ftg-social'><\/div><\/div><div  class='tile ftg-preload'><a title=\"Adamstown_Seite_056\" data-lightbox='ftg-33' rel='ftg-33'  class='tile-inner  ftg-lightbox' href='https:\/\/adamstownfilm.com\/wp-content\/uploads\/2018\/03\/Adamstown_Seite_056-738x1024.jpg' ><img alt='Adamstown_Seite_056' class='item skip-lazy' data-class='item' data-ftg-source='https:\/\/adamstownfilm.com\/wp-content\/uploads\/2018\/03\/Adamstown_Seite_056-738x1024.jpg' src='https:\/\/adamstownfilm.com\/wp-content\/uploads\/2018\/03\/Adamstown_Seite_056-738x1024.jpg' width='738' height='1024' \/><span class='icon fa fa-zoom'><\/span><div class='caption-block'><div class='text-wrapper'><span class='title'>Adamstown_Seite_056<\/span><\/div><\/div><\/a><div class='ftg-social'><\/div><\/div><div  class='tile ftg-preload'><a title=\"Adamstown_Seite_014\" data-lightbox='ftg-33' rel='ftg-33'  class='tile-inner  ftg-lightbox' href='https:\/\/adamstownfilm.com\/wp-content\/uploads\/2018\/03\/Adamstown_Seite_014-738x1024.jpg' ><img alt='Adamstown_Seite_014' class='item skip-lazy' data-class='item' data-ftg-source='https:\/\/adamstownfilm.com\/wp-content\/uploads\/2018\/03\/Adamstown_Seite_014-738x1024.jpg' src='https:\/\/adamstownfilm.com\/wp-content\/uploads\/2018\/03\/Adamstown_Seite_014-738x1024.jpg' width='738' height='1024' \/><span class='icon fa fa-zoom'><\/span><div class='caption-block'><div class='text-wrapper'><span class='title'>Adamstown_Seite_014<\/span><\/div><\/div><\/a><div class='ftg-social'><\/div><\/div><div  class='tile ftg-preload'><a title=\"Adamstown_Seite_016\" data-lightbox='ftg-33' rel='ftg-33'  class='tile-inner  ftg-lightbox' href='https:\/\/adamstownfilm.com\/wp-content\/uploads\/2018\/03\/Adamstown_Seite_016-738x1024.jpg' ><img alt='Adamstown_Seite_016' class='item skip-lazy' data-class='item' data-ftg-source='https:\/\/adamstownfilm.com\/wp-content\/uploads\/2018\/03\/Adamstown_Seite_016-738x1024.jpg' src='https:\/\/adamstownfilm.com\/wp-content\/uploads\/2018\/03\/Adamstown_Seite_016-738x1024.jpg' width='738' height='1024' \/><span class='icon fa fa-zoom'><\/span><div class='caption-block'><div class='text-wrapper'><span class='title'>Adamstown_Seite_016<\/span><\/div><\/div><\/a><div class='ftg-social'><\/div><\/div><div  class='tile ftg-preload'><a title=\"Adamstown_Seite_084\" data-lightbox='ftg-33' rel='ftg-33'  class='tile-inner  ftg-lightbox' href='https:\/\/adamstownfilm.com\/wp-content\/uploads\/2018\/03\/Adamstown_Seite_084-738x1024.jpg' ><img alt='Adamstown_Seite_084' class='item skip-lazy' data-class='item' data-ftg-source='https:\/\/adamstownfilm.com\/wp-content\/uploads\/2018\/03\/Adamstown_Seite_084-738x1024.jpg' src='https:\/\/adamstownfilm.com\/wp-content\/uploads\/2018\/03\/Adamstown_Seite_084-738x1024.jpg' width='738' height='1024' \/><span class='icon fa fa-zoom'><\/span><div class='caption-block'><div class='text-wrapper'><span class='title'>Adamstown_Seite_084<\/span><\/div><\/div><\/a><div class='ftg-social'><\/div><\/div><div  class='tile ftg-preload'><a title=\"Adamstown_Seite_100\" data-lightbox='ftg-33' rel='ftg-33'  class='tile-inner  ftg-lightbox' href='https:\/\/adamstownfilm.com\/wp-content\/uploads\/2018\/03\/Adamstown_Seite_100-738x1024.jpg' ><img alt='Adamstown_Seite_100' class='item skip-lazy' data-class='item' data-ftg-source='https:\/\/adamstownfilm.com\/wp-content\/uploads\/2018\/03\/Adamstown_Seite_100-738x1024.jpg' src='https:\/\/adamstownfilm.com\/wp-content\/uploads\/2018\/03\/Adamstown_Seite_100-738x1024.jpg' width='738' height='1024' \/><span class='icon fa fa-zoom'><\/span><div class='caption-block'><div class='text-wrapper'><span class='title'>Adamstown_Seite_100<\/span><\/div><\/div><\/a><div class='ftg-social'><\/div><\/div><\/div><\/div><script type='text\/javascript'>jQuery('#ftg-33 img.item').removeAttr('src');jQuery(document).ready(function () {setTimeout(function () {jQuery('#ftg-33').finalTilesGallery({minTileWidth: 250,margin: 10,loadMethod: 'sequential',nonce: 'dd9e5bf7ba',galleryId: '3',setupFilters: true,layout: 'final',debug: false,gridSize: 25,disableGridSizeBelow:800,allowEnlargement: true,imageSizeFactor: [ [4000, 0.3],[1024, 0.3],[768, 0.2],[640, 0.3],[320, 0.2]],selectedFilter: 'n-a'});jQuery(function () {(function () {var rel = '';jQuery('#ftg-33 .ftg-lightbox').click(function (e) {rel = jQuery(this).attr('rel');jQuery('#ftg-33 .ftg-current').removeClass('ftg-current');jQuery('#ftg-33 [rel=\"'+rel+'\"]').addClass('ftg-current');});})();});}, 0);});<\/script><\/div>\n\n\n\n<figure><iframe src=\"https:\/\/docs.google.com\/forms\/d\/e\/1FAIpQLSdTx0zirMljF_VKK34jz0FDrWX7E-uzY4qXz35oBahS0wip6Q\/viewform?embedded=true\" width=\"100%\" height=\"2697\"><\/iframe><\/figure>\n\n\n\n<p><\/p>","protected":false},"excerpt":{"rendered":"<p>Vor der Verfilmung wurde Adamstown als Comic erz\u00e4hlt und in Hamburg gezeichnet von Verena Braun. Die zum Comic geh\u00f6renden Songs sind als Download verf\u00fcgbar. Comics gegen Corona! Mit dem Kauf des Comics unterst\u00fctzt du die Bildungsarbeit vom ABC Bildungs- und Tagungszentrum e.V., dass aufgrund der Corona-Krise in finanziellen Schwierigkeiten steckt. [&hellip;]<\/p>","protected":false},"author":1,"featured_media":0,"parent":0,"menu_order":0,"comment_status":"closed","ping_status":"closed","template":"","meta":{"footnotes":""},"_links":{"self":[{"href":"https:\/\/adamstownfilm.com\/en\/wp-json\/wp\/v2\/pages\/1244"}],"collection":[{"href":"https:\/\/adamstownfilm.com\/en\/wp-json\/wp\/v2\/pages"}],"about":[{"href":"https:\/\/adamstownfilm.com\/en\/wp-json\/wp\/v2\/types\/page"}],"author":[{"embeddable":true,"href":"https:\/\/adamstownfilm.com\/en\/wp-json\/wp\/v2\/users\/1"}],"replies":[{"embeddable":true,"href":"https:\/\/adamstownfilm.com\/en\/wp-json\/wp\/v2\/comments?post=1244"}],"version-history":[{"count":9,"href":"https:\/\/adamstownfilm.com\/en\/wp-json\/wp\/v2\/pages\/1244\/revisions"}],"predecessor-version":[{"id":1297,"href":"https:\/\/adamstownfilm.com\/en\/wp-json\/wp\/v2\/pages\/1244\/revisions\/1297"}],"wp:attachment":[{"href":"https:\/\/adamstownfilm.com\/en\/wp-json\/wp\/v2\/media?parent=1244"}],"curies":[{"name":"wp","href":"https:\/\/api.w.org\/{rel}","templated":true}]}}