{"id":15,"date":"2018-02-02T13:45:35","date_gmt":"2018-02-02T13:45:35","guid":{"rendered":"http:\/\/adamstownfilm.com\/?page_id=15"},"modified":"2019-06-19T11:03:06","modified_gmt":"2019-06-19T11:03:06","slug":"projektbeschreibung","status":"publish","type":"page","link":"https:\/\/adamstownfilm.com\/en\/projektbeschreibung\/","title":{"rendered":""},"content":{"rendered":"<h2 class=\"wp-block-heading\">Kontakt<\/h2>\n\n\n\n<p><a href=\"mailto:info@adamstownfilm.com\">info@adamstownfilm.com<\/a><br><\/p>\n\n\n\n<h2 class=\"wp-block-heading\">Vom Workshop zum Film<\/h2>\n\n\n\n<p><strong>(english version below)<\/strong> Wir wollen zusammen einen Film machen. Die Geschichte und ein Teil der Musik gibt es bereits. Alles steht im <a href=\"http:\/\/www.verenabraun.de\/?cat=1\">Comic \u00abAdamstown\u00bb von Verena Braun<\/a>. Es ist ein inklusives, integratives und generations\u00fcbergreifendes Film- und Medienkunstprojekt. Das heisst, dass alle Menschen mitmachen k\u00f6nnen. Auch du! Wir laden insbesondere auch Menschen mit Behinderung ein. Und Menschen, die nach Deutschland gefl\u00fcchtet sind. Auch erwachsene, \u00e4ltere Menschen k\u00f6nnen mitmachen.<\/p>\n\n\n\n<p>In dem Comic gibt es Menschen und Tiere. Sie streiten viel. Sie k\u00e4mpfen mitinander. Sie vers\u00f6hnen sich und helfen einander. Die Schauspieler<em>innen und Schauspieler<\/em> tragen teilweise Tiermasken. Sie schl\u00fcpfen damit in ganz neue Rollen. Hautfarbe, Gr\u00f6sse, Alter, Behinderung, sexuelle Identit\u00e4t sind nicht mehr wichtig. Alle Tiere sind Br\u00fcder und Schwestern, einfach nur Menschen.<\/p>\n\n\n\n<p>Alle arbeiten gemeinsam an der Umsetzung der Geschichte. Alle k\u00f6nnen ihre Interessen und F\u00e4higkeiten einbringen. Beim Schauspiel, beim Bau von Kulissen und Masken, beim Einsingen der Musik, in Choreographien.<\/p>\n\n\n\n<p>Unser \u00abAdamstown\u00bb ist ein mediales Integrations- und Partizipationsprojekt. Alle Teilnehmenden gestalten den Film zusammen: Inhalt, \u00c4sthetik, politische Aussage, pers\u00f6nlicher Bezug.<\/p>\n\n\n<a class=\"maxbutton-2 maxbutton maxbutton-standard\" href=\"https:\/\/adamstownfilm.com\/en\/projektbeschreibung-2\/\"><span class='mb-text'>Weitere Infos (Deutsch)<\/span><\/a>\n\n\n\n<div style=\"height:100px\" aria-hidden=\"true\" class=\"wp-block-spacer\"><\/div>\n\n\n\n<p>We want to make a movie together. The story and part of the music already exists. Everything is in the comic \u00abAdamstown\u00bb by Verena Braun. It is an inclusive, integrative and generation-spanning film and media art project. This means that all people can participate. You too! We especially invite people with disabilities. And refugees who escaped to Germany. Older people will also participate.<\/p>\n\n\n\n<p>In the comic there are people and animals. They fight a lot. They fight with each other. They reconcile and help each other. Some of the actors and actresses wear an animal mask. They take on completely new roles. Skin color, height, age, disability, sexual identity are no longer important. All animals are brothers and sisters, just people.<\/p>\n\n\n\n<p>All work together on the implementation of the story. Everyone can contribute their interests and skills \u2013 acting, building sets and masks, singing in music, in choreographies.<\/p>\n\n\n\n<p>Our \u00abAdamstown\u00bb is a media integration and participation project. All participants create the film together: Content, aesthetics, political statement, personal reference.<\/p>","protected":false},"excerpt":{"rendered":"<p>Kontakt info@adamstownfilm.com Vom Workshop zum Film (english version below) Wir wollen zusammen einen Film machen. Die Geschichte und ein Teil der Musik gibt es bereits. Alles steht im Comic \u00abAdamstown\u00bb von Verena Braun. Es ist ein inklusives, integratives und generations\u00fcbergreifendes Film- und Medienkunstprojekt. Das heisst, dass alle Menschen mitmachen k\u00f6nnen. [&hellip;]<\/p>","protected":false},"author":1,"featured_media":0,"parent":0,"menu_order":0,"comment_status":"closed","ping_status":"closed","template":"","meta":{"footnotes":""},"_links":{"self":[{"href":"https:\/\/adamstownfilm.com\/en\/wp-json\/wp\/v2\/pages\/15"}],"collection":[{"href":"https:\/\/adamstownfilm.com\/en\/wp-json\/wp\/v2\/pages"}],"about":[{"href":"https:\/\/adamstownfilm.com\/en\/wp-json\/wp\/v2\/types\/page"}],"author":[{"embeddable":true,"href":"https:\/\/adamstownfilm.com\/en\/wp-json\/wp\/v2\/users\/1"}],"replies":[{"embeddable":true,"href":"https:\/\/adamstownfilm.com\/en\/wp-json\/wp\/v2\/comments?post=15"}],"version-history":[{"count":33,"href":"https:\/\/adamstownfilm.com\/en\/wp-json\/wp\/v2\/pages\/15\/revisions"}],"predecessor-version":[{"id":1255,"href":"https:\/\/adamstownfilm.com\/en\/wp-json\/wp\/v2\/pages\/15\/revisions\/1255"}],"wp:attachment":[{"href":"https:\/\/adamstownfilm.com\/en\/wp-json\/wp\/v2\/media?parent=15"}],"curies":[{"name":"wp","href":"https:\/\/api.w.org\/{rel}","templated":true}]}}