{"id":317,"date":"2018-03-24T18:37:24","date_gmt":"2018-03-24T18:37:24","guid":{"rendered":"http:\/\/adamstownfilm.com\/?page_id=317"},"modified":"2018-03-25T08:28:08","modified_gmt":"2018-03-25T08:28:08","slug":"startseite","status":"publish","type":"page","link":"https:\/\/adamstownfilm.com\/en\/startseite\/","title":{"rendered":"INKLUSIVES FILMPROJEKT"},"content":{"rendered":"<div data-elementor-type=\"wp-post\" data-elementor-id=\"317\" class=\"elementor elementor-317 elementor-bc-flex-widget\">\n\t\t\t\t\t\t\t\t\t<section class=\"elementor-section elementor-top-section elementor-element elementor-element-22fcaf5 elementor-section-full_width elementor-section-height-default elementor-section-height-default\" data-id=\"22fcaf5\" data-element_type=\"section\" data-settings=\"{&quot;background_background&quot;:&quot;classic&quot;}\">\n\t\t\t\t\t\t<div class=\"elementor-container elementor-column-gap-default\">\n\t\t\t\t\t<div class=\"elementor-column elementor-col-100 elementor-top-column elementor-element elementor-element-22ca3e5e\" data-id=\"22ca3e5e\" data-element_type=\"column\" data-settings=\"{&quot;background_background&quot;:&quot;classic&quot;}\">\n\t\t\t<div class=\"elementor-widget-wrap elementor-element-populated\">\n\t\t\t\t\t\t\t\t<div class=\"elementor-element elementor-element-51054929 elementor-widget elementor-widget-heading\" data-id=\"51054929\" data-element_type=\"widget\" data-widget_type=\"heading.default\">\n\t\t\t\t<div class=\"elementor-widget-container\">\n\t\t\t<h2 class=\"elementor-heading-title elementor-size-large\">Inklusives Filmprojekt<\/h2>\t\t<\/div>\n\t\t\t\t<\/div>\n\t\t\t\t<div class=\"elementor-element elementor-element-19f59729 elementor-widget elementor-widget-text-editor\" data-id=\"19f59729\" data-element_type=\"widget\" data-widget_type=\"text-editor.default\">\n\t\t\t\t<div class=\"elementor-widget-container\">\n\t\t\t\t\t\t\t<p>Wir nehmen einen Comic und machen daraus einen Film. Im Sommer 2018. Alle k\u00f6nnen mitmachen. Auch du.<br \/><br \/><em>We&#8217;ll take a comic book and make a movie out of it. Summer of 2018. Everybody can join. You as well.<\/em><\/p>\t\t\t\t\t\t<\/div>\n\t\t\t\t<\/div>\n\t\t\t\t<div class=\"elementor-element elementor-element-7929df75 elementor-align-left elementor-tablet-align-center elementor-mobile-align-center elementor-widget elementor-widget-button\" data-id=\"7929df75\" data-element_type=\"widget\" data-widget_type=\"button.default\">\n\t\t\t\t<div class=\"elementor-widget-container\">\n\t\t\t\t\t<div class=\"elementor-button-wrapper\">\n\t\t\t<a class=\"elementor-button elementor-button-link elementor-size-sm\" href=\"http:\/\/adamstownfilm.com\/en\/anmeldung\/\" target=\"_blank\">\n\t\t\t\t\t\t<span class=\"elementor-button-content-wrapper\">\n\t\t\t\t\t\t<span class=\"elementor-button-icon elementor-align-icon-left\">\n\t\t\t\t\t\t\t\t\t<i class=\"fa fa-sign-in\" aria-hidden=\"true\"><\/i>\n\t\t\t\t\t\t\t<\/span>\n\t\t\t\t\t\t<span class=\"elementor-button-text\">Anmeldung<\/span>\n\t\t<\/span>\n\t\t\t\t\t<\/a>\n\t\t<\/div>\n\t\t\t\t<\/div>\n\t\t\t\t<\/div>\n\t\t\t\t\t<\/div>\n\t\t<\/div>\n\t\t\t\t\t\t\t<\/div>\n\t\t<\/section>\n\t\t\t\t<section class=\"elementor-section elementor-top-section elementor-element elementor-element-7710c632 elementor-section-boxed elementor-section-height-default elementor-section-height-default\" data-id=\"7710c632\" data-element_type=\"section\" data-settings=\"{&quot;background_background&quot;:&quot;classic&quot;}\">\n\t\t\t\t\t\t<div class=\"elementor-container elementor-column-gap-default\">\n\t\t\t\t\t<div class=\"elementor-column elementor-col-33 elementor-top-column elementor-element elementor-element-2ef0677a\" data-id=\"2ef0677a\" data-element_type=\"column\">\n\t\t\t<div class=\"elementor-widget-wrap elementor-element-populated\">\n\t\t\t\t\t\t\t\t<div class=\"elementor-element elementor-element-46c0fc6b elementor-position-top elementor-widget elementor-widget-image-box\" data-id=\"46c0fc6b\" data-element_type=\"widget\" data-widget_type=\"image-box.default\">\n\t\t\t\t<div class=\"elementor-widget-container\">\n\t\t\t<div class=\"elementor-image-box-wrapper\"><figure class=\"elementor-image-box-img\"><img fetchpriority=\"high\" decoding=\"async\" width=\"800\" height=\"1187\" src=\"https:\/\/adamstownfilm.com\/wp-content\/uploads\/2018\/03\/strand.jpg\" class=\"attachment-full size-full wp-image-385\" alt=\"\" srcset=\"https:\/\/adamstownfilm.com\/wp-content\/uploads\/2018\/03\/strand.jpg 800w, https:\/\/adamstownfilm.com\/wp-content\/uploads\/2018\/03\/strand-202x300.jpg 202w, https:\/\/adamstownfilm.com\/wp-content\/uploads\/2018\/03\/strand-768x1140.jpg 768w, https:\/\/adamstownfilm.com\/wp-content\/uploads\/2018\/03\/strand-690x1024.jpg 690w\" sizes=\"(max-width: 800px) 100vw, 800px\" \/><\/figure><div class=\"elementor-image-box-content\"><h3 class=\"elementor-image-box-title\">Die Idee<\/h3><p class=\"elementor-image-box-description\">Wir erz\u00e4hlen eine Geschichte \u00fcber Tiere und Menschen, die \u00fcber Unterschiede stolpern und Gemeinsamkeiten entdecken. Wir wollen gemeinsam stolpern und entdecken.<\/p><\/div><\/div>\t\t<\/div>\n\t\t\t\t<\/div>\n\t\t\t\t<div class=\"elementor-element elementor-element-c65a81e elementor-widget elementor-widget-text-editor\" data-id=\"c65a81e\" data-element_type=\"widget\" data-widget_type=\"text-editor.default\">\n\t\t\t\t<div class=\"elementor-widget-container\">\n\t\t\t\t\t\t\t<p><em><span style=\"color: #ccffff;\">We tell a story about animals and people who stumble about differences and discover similarities. We want to stumble and discover together.<\/span><\/em><\/p>\t\t\t\t\t\t<\/div>\n\t\t\t\t<\/div>\n\t\t\t\t\t<\/div>\n\t\t<\/div>\n\t\t\t\t<div class=\"elementor-column elementor-col-33 elementor-top-column elementor-element elementor-element-3cb8a663\" data-id=\"3cb8a663\" data-element_type=\"column\">\n\t\t\t<div class=\"elementor-widget-wrap elementor-element-populated\">\n\t\t\t\t\t\t\t\t<div class=\"elementor-element elementor-element-6dc1b853 elementor-position-top elementor-widget elementor-widget-image-box\" data-id=\"6dc1b853\" data-element_type=\"widget\" data-widget_type=\"image-box.default\">\n\t\t\t\t<div class=\"elementor-widget-container\">\n\t\t\t<div class=\"elementor-image-box-wrapper\"><figure class=\"elementor-image-box-img\"><img decoding=\"async\" width=\"800\" height=\"1187\" src=\"https:\/\/adamstownfilm.com\/wp-content\/uploads\/2018\/03\/team.jpg\" class=\"attachment-full size-full wp-image-379\" alt=\"\" srcset=\"https:\/\/adamstownfilm.com\/wp-content\/uploads\/2018\/03\/team.jpg 800w, https:\/\/adamstownfilm.com\/wp-content\/uploads\/2018\/03\/team-202x300.jpg 202w, https:\/\/adamstownfilm.com\/wp-content\/uploads\/2018\/03\/team-768x1140.jpg 768w, https:\/\/adamstownfilm.com\/wp-content\/uploads\/2018\/03\/team-690x1024.jpg 690w\" sizes=\"(max-width: 800px) 100vw, 800px\" \/><\/figure><div class=\"elementor-image-box-content\"><h3 class=\"elementor-image-box-title\">Das Team<\/h3><p class=\"elementor-image-box-description\">Wir kommen aus der p\u00e4dagogischen, der politischen, der k\u00fcnstlerischen, der filmerischen Arbeit. Wir wollen auch im Team, Inklusion leben (wir arbeiten dran!). Weitere Infos folgen.<\/p><\/div><\/div>\t\t<\/div>\n\t\t\t\t<\/div>\n\t\t\t\t<div class=\"elementor-element elementor-element-b0af3e0 elementor-widget elementor-widget-text-editor\" data-id=\"b0af3e0\" data-element_type=\"widget\" data-widget_type=\"text-editor.default\">\n\t\t\t\t<div class=\"elementor-widget-container\">\n\t\t\t\t\t\t\t<p><em><span style=\"color: #ccffff;\">We come from\u00a0 pedagogical, political, artistic,\u00a0 film work.We also want to live inclusion in our team (we are working on it!). Informations coming soon.<\/span><\/em><\/p>\t\t\t\t\t\t<\/div>\n\t\t\t\t<\/div>\n\t\t\t\t\t<\/div>\n\t\t<\/div>\n\t\t\t\t<div class=\"elementor-column elementor-col-33 elementor-top-column elementor-element elementor-element-12eba1e4\" data-id=\"12eba1e4\" data-element_type=\"column\">\n\t\t\t<div class=\"elementor-widget-wrap elementor-element-populated\">\n\t\t\t\t\t\t\t\t<div class=\"elementor-element elementor-element-91707b4 elementor-position-top elementor-widget elementor-widget-image-box\" data-id=\"91707b4\" data-element_type=\"widget\" data-widget_type=\"image-box.default\">\n\t\t\t\t<div class=\"elementor-widget-container\">\n\t\t\t<div class=\"elementor-image-box-wrapper\"><figure class=\"elementor-image-box-img\"><a href=\"http:\/\/www.verenabraun.de\/?p=1360\" tabindex=\"-1\"><img decoding=\"async\" width=\"800\" height=\"1187\" src=\"https:\/\/adamstownfilm.com\/wp-content\/uploads\/2018\/03\/Adamstown-Cover.jpg\" class=\"attachment-full size-full wp-image-340\" alt=\"\" srcset=\"https:\/\/adamstownfilm.com\/wp-content\/uploads\/2018\/03\/Adamstown-Cover.jpg 800w, https:\/\/adamstownfilm.com\/wp-content\/uploads\/2018\/03\/Adamstown-Cover-202x300.jpg 202w, https:\/\/adamstownfilm.com\/wp-content\/uploads\/2018\/03\/Adamstown-Cover-768x1140.jpg 768w, https:\/\/adamstownfilm.com\/wp-content\/uploads\/2018\/03\/Adamstown-Cover-690x1024.jpg 690w\" sizes=\"(max-width: 800px) 100vw, 800px\" \/><\/a><\/figure><div class=\"elementor-image-box-content\"><h3 class=\"elementor-image-box-title\"><a href=\"http:\/\/www.verenabraun.de\/?p=1360\">Der Comic<\/a><\/h3><p class=\"elementor-image-box-description\">Die Hamburger K\u00fcnstlerin Verena Braun hat den Western-Comic Adamstown erschaffen. Journalist Andreas Platthaus hat in der FAZ \u00fcber den Comic berichtet (<a href=\"http:\/\/blogs.faz.net\/comic\/2015\/08\/10\/jedem-tierchen-sein-massakrierchen-752\/\">zum Artikel<\/a>).<\/p><\/div><\/div>\t\t<\/div>\n\t\t\t\t<\/div>\n\t\t\t\t<div class=\"elementor-element elementor-element-685cebc elementor-widget elementor-widget-text-editor\" data-id=\"685cebc\" data-element_type=\"widget\" data-widget_type=\"text-editor.default\">\n\t\t\t\t<div class=\"elementor-widget-container\">\n\t\t\t\t\t\t\t<p><em><span style=\"color: #ccffff;\">The Hamburg artist Verena Braun created the comic Adamstown. Journalist Andreas Platthaus reported about the comic in the FAZ (<a style=\"color: #ccffff;\" href=\"http:\/\/blogs.faz.net\/comic\/2015\/08\/10\/jedem-tierchen-sein-massakrierchen-752\/\">article<\/a>).<\/span><\/em><\/p>\t\t\t\t\t\t<\/div>\n\t\t\t\t<\/div>\n\t\t\t\t\t<\/div>\n\t\t<\/div>\n\t\t\t\t\t\t\t<\/div>\n\t\t<\/section>\n\t\t\t\t<section class=\"elementor-section elementor-top-section elementor-element elementor-element-2cc6cef2 elementor-section-boxed elementor-section-height-default elementor-section-height-default\" data-id=\"2cc6cef2\" data-element_type=\"section\" data-settings=\"{&quot;background_background&quot;:&quot;classic&quot;}\">\n\t\t\t\t\t\t<div class=\"elementor-container elementor-column-gap-default\">\n\t\t\t\t\t<div class=\"elementor-column elementor-col-100 elementor-top-column elementor-element elementor-element-254d329a\" data-id=\"254d329a\" data-element_type=\"column\">\n\t\t\t<div class=\"elementor-widget-wrap elementor-element-populated\">\n\t\t\t\t\t\t\t\t<div class=\"elementor-element elementor-element-24dccb78 elementor-widget elementor-widget-heading\" data-id=\"24dccb78\" data-element_type=\"widget\" data-widget_type=\"heading.default\">\n\t\t\t\t<div class=\"elementor-widget-container\">\n\t\t\t<h3 class=\"elementor-heading-title elementor-size-large\">Unsere Filme<\/h3>\t\t<\/div>\n\t\t\t\t<\/div>\n\t\t\t\t<div class=\"elementor-element elementor-element-7593d26 elementor-widget elementor-widget-text-editor\" data-id=\"7593d26\" data-element_type=\"widget\" data-widget_type=\"text-editor.default\">\n\t\t\t\t<div class=\"elementor-widget-container\">\n\t\t\t\t\t\t\t<p>Adamstown ist nicht unser erster Film. Wir haben schon mehrere Hybrid-Filme gedreht. Vor der Kamera spielen Menschen aus aller Welt, mit und ohne Behinderung, in unterschiedlichen Sprachen. Eine Schauspieltrainerin unterst\u00fctz sie. Hinter der Kamera stehen Profis. Junge Menschen helfen der Crew. Sie lernen, wie man Filme machen kann.<\/p><p><em>Adamstown is not our first movie. We&#8217;ve made several hybrid-films. People from all over the world standing in front of the camera, with and without disabilities, playing in different languages. An acting trainer supports them. Behind the camera are professionals. Young people help the crew. They learn how to make movies.<\/em><\/p>\t\t\t\t\t\t<\/div>\n\t\t\t\t<\/div>\n\t\t\t\t<section class=\"elementor-section elementor-inner-section elementor-element elementor-element-4e3aba6b elementor-section-content-middle elementor-section-boxed elementor-section-height-default elementor-section-height-default\" data-id=\"4e3aba6b\" data-element_type=\"section\">\n\t\t\t\t\t\t<div class=\"elementor-container elementor-column-gap-default\">\n\t\t\t\t\t<div class=\"elementor-column elementor-col-16 elementor-inner-column elementor-element elementor-element-3e92dc7 elementor-sm-50\" data-id=\"3e92dc7\" data-element_type=\"column\">\n\t\t\t<div class=\"elementor-widget-wrap elementor-element-populated\">\n\t\t\t\t\t\t\t\t<div class=\"elementor-element elementor-element-5f6c00d elementor-widget elementor-widget-image\" data-id=\"5f6c00d\" data-element_type=\"widget\" data-widget_type=\"image.default\">\n\t\t\t\t<div class=\"elementor-widget-container\">\n\t\t\t\t\t\t\t\t\t\t\t\t\t\t\t\t<a href=\"http:\/\/bigearth.abc-huell.de\/\">\n\t\t\t\t\t\t\t<img loading=\"lazy\" decoding=\"async\" width=\"213\" height=\"300\" src=\"https:\/\/adamstownfilm.com\/wp-content\/uploads\/2018\/03\/170330_bigearth_web-213x300.jpg\" class=\"attachment-medium size-medium wp-image-370\" alt=\"\" srcset=\"https:\/\/adamstownfilm.com\/wp-content\/uploads\/2018\/03\/170330_bigearth_web-213x300.jpg 213w, https:\/\/adamstownfilm.com\/wp-content\/uploads\/2018\/03\/170330_bigearth_web-768x1084.jpg 768w, https:\/\/adamstownfilm.com\/wp-content\/uploads\/2018\/03\/170330_bigearth_web-726x1024.jpg 726w, https:\/\/adamstownfilm.com\/wp-content\/uploads\/2018\/03\/170330_bigearth_web.jpg 851w\" sizes=\"(max-width: 213px) 100vw, 213px\" \/>\t\t\t\t\t\t\t\t<\/a>\n\t\t\t\t\t\t\t\t\t\t\t\t\t\t\t<\/div>\n\t\t\t\t<\/div>\n\t\t\t\t\t<\/div>\n\t\t<\/div>\n\t\t\t\t<div class=\"elementor-column elementor-col-16 elementor-inner-column elementor-element elementor-element-3ba12812 elementor-sm-50\" data-id=\"3ba12812\" data-element_type=\"column\">\n\t\t\t<div class=\"elementor-widget-wrap elementor-element-populated\">\n\t\t\t\t\t\t\t\t<div class=\"elementor-element elementor-element-1bed91aa elementor-view-default elementor-position-top elementor-mobile-position-top elementor-widget elementor-widget-icon-box\" data-id=\"1bed91aa\" data-element_type=\"widget\" data-widget_type=\"icon-box.default\">\n\t\t\t\t<div class=\"elementor-widget-container\">\n\t\t\t\t\t<div class=\"elementor-icon-box-wrapper\">\n\t\t\t\t\t\t<div class=\"elementor-icon-box-icon\">\n\t\t\t\t<a href=\"http:\/\/bigearth.abc-huell.de\/\" class=\"elementor-icon elementor-animation-\" tabindex=\"-1\">\n\t\t\t\t<i class=\"fa fa-camera\" aria-hidden=\"true\"><\/i>\t\t\t\t<\/a>\n\t\t\t<\/div>\n\t\t\t\t\t\t<div class=\"elementor-icon-box-content\">\n\t\t\t\t<p class=\"elementor-icon-box-title\">\n\t\t\t\t\t<a href=\"http:\/\/bigearth.abc-huell.de\/\" >\n\t\t\t\t\t\t\t\t\t\t\t<\/a>\n\t\t\t\t<\/p>\n\t\t\t\t\t\t\t\t\t<p class=\"elementor-icon-box-description\">\n\t\t\t\t\t\tBig Earth\t\t\t\t\t<\/p>\n\t\t\t\t\t\t\t<\/div>\n\t\t<\/div>\n\t\t\t\t<\/div>\n\t\t\t\t<\/div>\n\t\t\t\t\t<\/div>\n\t\t<\/div>\n\t\t\t\t<div class=\"elementor-column elementor-col-16 elementor-inner-column elementor-element elementor-element-1201feb elementor-sm-50\" data-id=\"1201feb\" data-element_type=\"column\">\n\t\t\t<div class=\"elementor-widget-wrap elementor-element-populated\">\n\t\t\t\t\t\t\t\t<div class=\"elementor-element elementor-element-5531e56 elementor-widget elementor-widget-video\" data-id=\"5531e56\" data-element_type=\"widget\" data-settings=\"{&quot;video_type&quot;:&quot;vimeo&quot;}\" data-widget_type=\"video.default\">\n\t\t\t\t<div class=\"elementor-widget-container\">\n\t\t\t\t\t<div class=\"elementor-wrapper elementor-open-inline\">\n\t\t\t<iframe class=\"elementor-video-iframe\" allowfullscreen title=\"vimeo Video Player\" src=\"https:\/\/player.vimeo.com\/video\/149513424?color&amp;autopause=0&amp;loop=0&amp;muted=0&amp;title=1&amp;portrait=1&amp;byline=1#t=\"><\/iframe>\t\t<\/div>\n\t\t\t\t<\/div>\n\t\t\t\t<\/div>\n\t\t\t\t\t<\/div>\n\t\t<\/div>\n\t\t\t\t<div class=\"elementor-column elementor-col-16 elementor-inner-column elementor-element elementor-element-e2b48d3 elementor-sm-50\" data-id=\"e2b48d3\" data-element_type=\"column\">\n\t\t\t<div class=\"elementor-widget-wrap elementor-element-populated\">\n\t\t\t\t\t\t\t\t<div class=\"elementor-element elementor-element-5affbfc elementor-view-default elementor-position-top elementor-mobile-position-top elementor-widget elementor-widget-icon-box\" data-id=\"5affbfc\" data-element_type=\"widget\" data-widget_type=\"icon-box.default\">\n\t\t\t\t<div class=\"elementor-widget-container\">\n\t\t\t\t\t<div class=\"elementor-icon-box-wrapper\">\n\t\t\t\t\t\t<div class=\"elementor-icon-box-icon\">\n\t\t\t\t<a href=\"http:\/\/hotelcaliforniafilm.de\/\" class=\"elementor-icon elementor-animation-\" tabindex=\"-1\">\n\t\t\t\t<i class=\"fa fa-video-camera\" aria-hidden=\"true\"><\/i>\t\t\t\t<\/a>\n\t\t\t<\/div>\n\t\t\t\t\t\t<div class=\"elementor-icon-box-content\">\n\t\t\t\t<p class=\"elementor-icon-box-title\">\n\t\t\t\t\t<a href=\"http:\/\/hotelcaliforniafilm.de\/\" >\n\t\t\t\t\t\t\t\t\t\t\t<\/a>\n\t\t\t\t<\/p>\n\t\t\t\t\t\t\t\t\t<p class=\"elementor-icon-box-description\">\n\t\t\t\t\t\tHotel California\t\t\t\t\t<\/p>\n\t\t\t\t\t\t\t<\/div>\n\t\t<\/div>\n\t\t\t\t<\/div>\n\t\t\t\t<\/div>\n\t\t\t\t\t<\/div>\n\t\t<\/div>\n\t\t\t\t<div class=\"elementor-column elementor-col-16 elementor-inner-column elementor-element elementor-element-44d3e11d elementor-sm-50\" data-id=\"44d3e11d\" data-element_type=\"column\">\n\t\t\t<div class=\"elementor-widget-wrap elementor-element-populated\">\n\t\t\t\t\t\t\t\t<div class=\"elementor-element elementor-element-30e6e63 elementor-widget elementor-widget-video\" data-id=\"30e6e63\" data-element_type=\"widget\" data-settings=\"{&quot;video_type&quot;:&quot;vimeo&quot;}\" data-widget_type=\"video.default\">\n\t\t\t\t<div class=\"elementor-widget-container\">\n\t\t\t\t\t<div class=\"elementor-wrapper elementor-open-inline\">\n\t\t\t<iframe class=\"elementor-video-iframe\" allowfullscreen title=\"vimeo Video Player\" src=\"https:\/\/player.vimeo.com\/video\/84317768?color&amp;autopause=0&amp;loop=0&amp;muted=0&amp;title=1&amp;portrait=1&amp;byline=1#t=\"><\/iframe>\t\t<\/div>\n\t\t\t\t<\/div>\n\t\t\t\t<\/div>\n\t\t\t\t\t<\/div>\n\t\t<\/div>\n\t\t\t\t<div class=\"elementor-column elementor-col-16 elementor-inner-column elementor-element elementor-element-4f0244d2 elementor-sm-50\" data-id=\"4f0244d2\" data-element_type=\"column\">\n\t\t\t<div class=\"elementor-widget-wrap elementor-element-populated\">\n\t\t\t\t\t\t\t\t<div class=\"elementor-element elementor-element-2df379ee elementor-view-default elementor-position-top elementor-mobile-position-top elementor-widget elementor-widget-icon-box\" data-id=\"2df379ee\" data-element_type=\"widget\" data-widget_type=\"icon-box.default\">\n\t\t\t\t<div class=\"elementor-widget-container\">\n\t\t\t\t\t<div class=\"elementor-icon-box-wrapper\">\n\t\t\t\t\t\t<div class=\"elementor-icon-box-icon\">\n\t\t\t\t<span  class=\"elementor-icon elementor-animation-\">\n\t\t\t\t<i class=\"fa fa-video-camera\" aria-hidden=\"true\"><\/i>\t\t\t\t<\/span>\n\t\t\t<\/div>\n\t\t\t\t\t\t<div class=\"elementor-icon-box-content\">\n\t\t\t\t<p class=\"elementor-icon-box-title\">\n\t\t\t\t\t<span  >\n\t\t\t\t\t\t\t\t\t\t\t<\/span>\n\t\t\t\t<\/p>\n\t\t\t\t\t\t\t\t\t<p class=\"elementor-icon-box-description\">\n\t\t\t\t\t\tFuck the Music\t\t\t\t\t<\/p>\n\t\t\t\t\t\t\t<\/div>\n\t\t<\/div>\n\t\t\t\t<\/div>\n\t\t\t\t<\/div>\n\t\t\t\t\t<\/div>\n\t\t<\/div>\n\t\t\t\t\t\t\t<\/div>\n\t\t<\/section>\n\t\t\t\t\t<\/div>\n\t\t<\/div>\n\t\t\t\t\t\t\t<\/div>\n\t\t<\/section>\n\t\t\t\t<section class=\"elementor-section elementor-top-section elementor-element elementor-element-3b8a4cfd elementor-section-boxed elementor-section-height-default elementor-section-height-default\" data-id=\"3b8a4cfd\" data-element_type=\"section\" data-settings=\"{&quot;background_background&quot;:&quot;classic&quot;}\">\n\t\t\t\t\t\t<div class=\"elementor-container elementor-column-gap-default\">\n\t\t\t\t\t<div class=\"elementor-column elementor-col-100 elementor-top-column elementor-element elementor-element-223ff0a5\" data-id=\"223ff0a5\" data-element_type=\"column\">\n\t\t\t<div class=\"elementor-widget-wrap elementor-element-populated\">\n\t\t\t\t\t\t\t\t<div class=\"elementor-element elementor-element-104a2fb8 elementor-widget elementor-widget-heading\" data-id=\"104a2fb8\" data-element_type=\"widget\" data-widget_type=\"heading.default\">\n\t\t\t\t<div class=\"elementor-widget-container\">\n\t\t\t<h3 class=\"elementor-heading-title elementor-size-large\">Kontakt<\/h3>\t\t<\/div>\n\t\t\t\t<\/div>\n\t\t\t\t<section class=\"elementor-section elementor-inner-section elementor-element elementor-element-68242514 elementor-section-height-min-height elementor-section-content-middle elementor-section-boxed elementor-section-height-default\" data-id=\"68242514\" data-element_type=\"section\" data-settings=\"{&quot;background_background&quot;:&quot;classic&quot;}\">\n\t\t\t\t\t\t<div class=\"elementor-container elementor-column-gap-no\">\n\t\t\t\t\t<div class=\"elementor-column elementor-col-33 elementor-inner-column elementor-element elementor-element-28394934\" data-id=\"28394934\" data-element_type=\"column\" data-settings=\"{&quot;background_background&quot;:&quot;classic&quot;}\">\n\t\t\t<div class=\"elementor-widget-wrap elementor-element-populated\">\n\t\t\t\t\t\t\t\t<div class=\"elementor-element elementor-element-31a3328c elementor-widget elementor-widget-spacer\" data-id=\"31a3328c\" data-element_type=\"widget\" data-widget_type=\"spacer.default\">\n\t\t\t\t<div class=\"elementor-widget-container\">\n\t\t\t\t\t<div class=\"elementor-spacer\">\n\t\t\t<div class=\"elementor-spacer-inner\"><\/div>\n\t\t<\/div>\n\t\t\t\t<\/div>\n\t\t\t\t<\/div>\n\t\t\t\t\t<\/div>\n\t\t<\/div>\n\t\t\t\t<div class=\"elementor-column elementor-col-33 elementor-inner-column elementor-element elementor-element-216328a9\" data-id=\"216328a9\" data-element_type=\"column\">\n\t\t\t<div class=\"elementor-widget-wrap elementor-element-populated\">\n\t\t\t\t\t\t\t\t<div class=\"elementor-element elementor-element-4db1011 elementor-widget elementor-widget-text-editor\" data-id=\"4db1011\" data-element_type=\"widget\" data-widget_type=\"text-editor.default\">\n\t\t\t\t<div class=\"elementor-widget-container\">\n\t\t\t\t\t\t\t<p>F\u00fcr Fragen. Kooperationen. Ideen. Unterst\u00fctzung.<\/p><p><em>For questions. cooperation.ideas. support.<\/em><\/p>\t\t\t\t\t\t<\/div>\n\t\t\t\t<\/div>\n\t\t\t\t<div class=\"elementor-element elementor-element-4b98c9b5 elementor-widget elementor-widget-text-editor\" data-id=\"4b98c9b5\" data-element_type=\"widget\" data-widget_type=\"text-editor.default\">\n\t\t\t\t<div class=\"elementor-widget-container\">\n\t\t\t\t\t\t\t\t\t\t\t\t\t<\/div>\n\t\t\t\t<\/div>\n\t\t\t\t\t<\/div>\n\t\t<\/div>\n\t\t\t\t<div class=\"elementor-column elementor-col-33 elementor-inner-column elementor-element elementor-element-4dc894aa\" data-id=\"4dc894aa\" data-element_type=\"column\">\n\t\t\t<div class=\"elementor-widget-wrap elementor-element-populated\">\n\t\t\t\t\t\t\t\t<div class=\"elementor-element elementor-element-e5d6eeb elementor-widget elementor-widget-shortcode\" data-id=\"e5d6eeb\" data-element_type=\"widget\" data-widget_type=\"shortcode.default\">\n\t\t\t\t<div class=\"elementor-widget-container\">\n\t\t\t\t\t<div class=\"elementor-shortcode\"><a class=\"maxbutton-2 maxbutton maxbutton-standard\" href=\"https:\/\/adamstownfilm.com\/en\/kontakt\/\"><span class='mb-text'>Kontakt \/ Contact<\/span><\/a> <\/div>\n\t\t\t\t<\/div>\n\t\t\t\t<\/div>\n\t\t\t\t\t<\/div>\n\t\t<\/div>\n\t\t\t\t\t\t\t<\/div>\n\t\t<\/section>\n\t\t\t\t\t<\/div>\n\t\t<\/div>\n\t\t\t\t\t\t\t<\/div>\n\t\t<\/section>\n\t\t\t\t\t\t\t<\/div>","protected":false},"excerpt":{"rendered":"<p>Inklusives Filmprojekt Wir nehmen einen Comic und machen daraus einen Film. Im Sommer 2018. Alle k&ouml;nnen mitmachen. Auch du.&lt;br \/&gt;&lt;br \/&gt;&lt;em&gt;We&rsquo;ll take a comic book and make a movie out of it. Summer of 2018. Everybody can join. You as well.&lt;\/em&gt;&lt;\/p&gt; &lt;a href=&quot;\/en\/&ldquo;http:\/\/adamstownfilm.com\/anmeldung\/&ldquo;\/&quot; target=&quot;&ldquo;_blank&ldquo;&quot;&gt; Anmeldung &lt;\/a&gt; &lt;figure&gt;&lt;img src=&quot;&ldquo;http:\/\/adamstownfilm.com\/wp-content\/uploads\/2018\/03\/strand.jpg&ldquo;&quot; alt=&quot;&ldquo;strand&ldquo;&quot; title=&quot;&ldquo;strand&ldquo;&quot;&gt;&lt;\/figure&gt;&lt;h3&gt;Die [&hellip;]<\/p>","protected":false},"author":2,"featured_media":0,"parent":0,"menu_order":0,"comment_status":"closed","ping_status":"closed","template":"page-templates\/fullwidth-page.php","meta":{"footnotes":""},"_links":{"self":[{"href":"https:\/\/adamstownfilm.com\/en\/wp-json\/wp\/v2\/pages\/317"}],"collection":[{"href":"https:\/\/adamstownfilm.com\/en\/wp-json\/wp\/v2\/pages"}],"about":[{"href":"https:\/\/adamstownfilm.com\/en\/wp-json\/wp\/v2\/types\/page"}],"author":[{"embeddable":true,"href":"https:\/\/adamstownfilm.com\/en\/wp-json\/wp\/v2\/users\/2"}],"replies":[{"embeddable":true,"href":"https:\/\/adamstownfilm.com\/en\/wp-json\/wp\/v2\/comments?post=317"}],"version-history":[{"count":54,"href":"https:\/\/adamstownfilm.com\/en\/wp-json\/wp\/v2\/pages\/317\/revisions"}],"predecessor-version":[{"id":560,"href":"https:\/\/adamstownfilm.com\/en\/wp-json\/wp\/v2\/pages\/317\/revisions\/560"}],"wp:attachment":[{"href":"https:\/\/adamstownfilm.com\/en\/wp-json\/wp\/v2\/media?parent=317"}],"curies":[{"name":"wp","href":"https:\/\/api.w.org\/{rel}","templated":true}]}}