{"id":485,"date":"2018-03-25T00:58:53","date_gmt":"2018-03-25T00:58:53","guid":{"rendered":"http:\/\/adamstownfilm.com\/?page_id=485"},"modified":"2018-03-27T11:12:29","modified_gmt":"2018-03-27T11:12:29","slug":"projektbeschreibung-2","status":"publish","type":"page","link":"https:\/\/adamstownfilm.com\/en\/projektbeschreibung-2\/","title":{"rendered":"Ausf\u00fchrliche Projektbeschreibung"},"content":{"rendered":"<p>Kern des Projektes ist die in p\u00e4dagogische Arbeit eingebettete mediale Verarbeitung von Comic und Soundtrack \u201eAdamstown\u201c von Verena Braun als inklusives, integratives und generations\u00fcbergreifendes Film- und Medienkunstprojekt. In dem Comic gibt es Menschen und diverse Tierarten, die in verschiedenen Konstellationen gegeneinander konkurrieren, miteinander kooperieren, sich bek\u00e4mpfen, vers\u00f6hnen und lernen miteinander umzugehen. Die am Projekt Beteiligten sind Menschen mit und ohne Behinderung, mit und ohne Fluchtgeschichte, alte und junge Menschen, Menschen mit verschiedenen geschlechtlichen Identit\u00e4ten, kulturellen oder religi\u00f6sen Hintergr\u00fcnden und unterschiedlichen Begehren und Einstellungen. Durch Schauspiel und mediale Abstraktion schl\u00fcpfen sie unabh\u00e4ngig von diesen \u201erealen\u201c Kategorien in neue Rollen. Die Fabelwelt bricht mit bestehenden Dominanzkategorien und Stereotypen. Als Fische maskiert gehen die Schauspielenden unabh\u00e4ngig von ihrer Hautfarbe als Br\u00fcder durch, werden unabh\u00e4ngig von k\u00f6rperlichen Eigenschaften oder Alter als gef\u00e4hrlicher Clan wahrgenommen oder aber sind v\u00f6llig losgel\u00f6st von dem, was sonst als trennend wahrgenommen wird, einfach nur Menschen. Das Setting wird von der amerikanischen Pr\u00e4rie in die norddeutsche Tiefebene verlagert. Das Leben im l\u00e4ndlichen Raum zieht sich dabei als Projekt- und Thema durch.<\/p>\n<p>Alle arbeiten gemeinsam an der Umsetzung der Geschichte und an allem was dazu geh\u00f6rt und k\u00f6nnen ihre individuellen Interessen und F\u00e4higkeiten einbringen. Beim Schauspiel, beim Bau von Kulissen und Masken, beim Einsingen der Musik, in Choreographien.<br \/>\nWir verstehen uns als ein mediales Integrations- und Partizipationsprojekt. W\u00e4hrend des Projekts arbeiten Menschen mit und ohne Fluchtgeschichte und mit und ohne Behinderung kontinuierlich an dem Film und gestalten diesen inhaltlich, \u00e4sthetisch, politisch und pers\u00f6nlich mit. Die Medien Musik, Theater, B\u00fchnenbau, Film sind dabei in erster Linie Vehikel f\u00fcr Teilhabechancen, Pers\u00f6nlichkeitsbildung, politische Bildung und interkulturelle Begegnung. Die Kernzielgruppe Gefl\u00fcchtete arbeitet in diesem Projekt gemeinsam mit in Deutschland aufgewachsenen Menschen sowie mit einem internationalen und inklusiven Team (inkl. Menschen mit pers\u00f6nlicher Fluchtgeschichte sowie Menschen mit Behinderung).<\/p>","protected":false},"excerpt":{"rendered":"<p>Kern des Projektes ist die in p\u00e4dagogische Arbeit eingebettete mediale Verarbeitung von Comic und Soundtrack \u201eAdamstown\u201c von Verena Braun als inklusives, integratives und generations\u00fcbergreifendes Film- und Medienkunstprojekt. In dem Comic gibt es Menschen und diverse Tierarten, die in verschiedenen Konstellationen gegeneinander konkurrieren, miteinander kooperieren, sich bek\u00e4mpfen, vers\u00f6hnen und lernen miteinander [&hellip;]<\/p>","protected":false},"author":2,"featured_media":0,"parent":0,"menu_order":0,"comment_status":"closed","ping_status":"closed","template":"page-templates\/fullwidth-page.php","meta":{"footnotes":""},"_links":{"self":[{"href":"https:\/\/adamstownfilm.com\/en\/wp-json\/wp\/v2\/pages\/485"}],"collection":[{"href":"https:\/\/adamstownfilm.com\/en\/wp-json\/wp\/v2\/pages"}],"about":[{"href":"https:\/\/adamstownfilm.com\/en\/wp-json\/wp\/v2\/types\/page"}],"author":[{"embeddable":true,"href":"https:\/\/adamstownfilm.com\/en\/wp-json\/wp\/v2\/users\/2"}],"replies":[{"embeddable":true,"href":"https:\/\/adamstownfilm.com\/en\/wp-json\/wp\/v2\/comments?post=485"}],"version-history":[{"count":2,"href":"https:\/\/adamstownfilm.com\/en\/wp-json\/wp\/v2\/pages\/485\/revisions"}],"predecessor-version":[{"id":523,"href":"https:\/\/adamstownfilm.com\/en\/wp-json\/wp\/v2\/pages\/485\/revisions\/523"}],"wp:attachment":[{"href":"https:\/\/adamstownfilm.com\/en\/wp-json\/wp\/v2\/media?parent=485"}],"curies":[{"name":"wp","href":"https:\/\/api.w.org\/{rel}","templated":true}]}}